{"id":2360,"date":"2017-08-24T20:24:53","date_gmt":"2017-08-25T02:24:53","guid":{"rendered":"http:\/\/www.bio2-agro.com\/demo\/es\/?page_id=2360"},"modified":"2017-08-24T20:28:41","modified_gmt":"2017-08-25T02:28:41","slug":"cultivos","status":"publish","type":"page","link":"https:\/\/bio2-agro.com\/es\/cultivos\/","title":{"rendered":"Cultivos"},"content":{"rendered":"<p>[vc_row][vc_column][vc_custom_heading text=&#8221;BiO2 Vital para la agricultura&#8221; google_fonts=&#8221;font_family:ABeeZee%3Aregular%2Citalic|font_style:400%20regular%3A400%3Anormal&#8221;][\/vc_column][\/vc_row][vc_row][vc_column][vc_column_text]<img class=\"lazyload alignright wp-image-2348 size-thumbnail\" data-original=\"http:\/\/www.bio2-agro.com\/demo\/es\/wp-content\/uploads\/2014\/12\/cultivos-150x150.png\" alt=\"\" width=\"150\" height=\"150\" \/>BiO2 Vital es un moderno aditivo natural, estimulante de crecimiento de plantas, que promueve la producci\u00f3n org\u00e1nica y convencional. Promueve de forma positiva las actividades biol\u00f3gicas del suelo y bio cataliza el metabolismos de las plantas.<\/p>\n<p><strong>USO VERS\u00c1TIL<\/strong><\/p>\n<p>\u2713 Aplica para cualquier especie de cultivo (tambi\u00e9n Generaci\u00f3n de plantulas, c\u00e9sped, etc)<\/p>\n<p>\u2713 Cualquier tipo de practica agr\u00edcola.<\/p>\n<p>\u2713 Ideal para la producci\u00f3n de org\u00e1nicos y convencionales.<\/p>\n<p>\u2713 Excelente apoyo en cultivos intensivos.<\/p>\n<p>&nbsp;<\/p>\n<p><strong>RESULTADOS<\/strong><\/p>\n<p><img class=\"lazyload aligncenter wp-image-2361\" data-original=\"http:\/\/www.bio2-agro.com\/demo\/es\/wp-content\/uploads\/2017\/08\/Plantulas-BiO2-Vital-1024x776.png\" alt=\"\" width=\"500\" height=\"379\" \/><\/p>\n<p><strong>MULTI-EFECTOS<\/strong><\/p>\n<p>\u2713 Activaci\u00f3n de la vida Microbiana<\/p>\n<p>\u2713 Promueve el crecimiento de las plantas y facilita la maduraci\u00f3n m\u00e1s r\u00e1pida<\/p>\n<p>\u2713 Ayuda en la optimizaci\u00f3n de la fertilizaci\u00f3n<\/p>\n<p>\u2713 Estimula a plata para que pueda absorber mejor los nutrientes, sin da\u00f1ar ni las hojas ni las ra\u00edces.<\/p>\n<p>&nbsp;<\/p>\n<p><strong>POTENCIALIDAD<\/strong><\/p>\n<p>\u2713 BiO2 Vital potencializa la capacidad de rendimiento de los cultivos.<\/p>\n<p>\u2713 BiO2 Vital potencializa la capacidad de rendimiento de la nutrici\u00f3n.<\/p>\n<p>\u2713 BiO2 Vital potencializa la capacidad de oxigenaci\u00f3n de las plantas.<\/p>\n<p>&nbsp;<\/p>\n<p><strong>RENTABILIDAD<\/strong><\/p>\n<p>\u2713 Bajas dosis,<\/p>\n<p>\u2713 Precio razonable<\/p>\n<p>\u2713 Efectos prolongados<\/p>\n<p>\u2713 Alta productividad, por ser<\/p>\n<p>\u2713 Econ\u00f3mico, seguro y ecol\u00f3gico.<\/p>\n<p>\u2713 Aplicaciones econ\u00f3micas y rentables.<\/p>\n<p>&nbsp;<\/p>\n<p><strong>PROGRESIVO\u00a0<\/strong><strong>\u201cCrecimiento y producci\u00f3n constante requiere apoyo constante\u201d<\/strong><\/p>\n<p>BiO2 Vital transmite cada vez mas y mejor al cultivo como funcionar<\/p>\n<p>\u2713\u00a0Con\u00a0menos estr\u00e9s<\/p>\n<p>\u2713\u00a0Con mayor\u00a0eficiencia<\/p>\n<p>\u2713 Con aumento de rendimientos,<\/p>\n<p>\u2713 Con mejor crecimiento de las ra\u00edces,<\/p>\n<p>\u2713 Con sistema inmunitario m\u00e1s fortalecido<\/p>\n<p>&nbsp;<\/p>\n<p><strong>SUSTENTABLE\u00a0<\/strong><strong>BiO2 Vita y BiO2 Prohumus promueve<\/strong><\/p>\n<p>Se declara que el producto puede ser comercializado y vendido en la Comunidad Europea y tiene el permiso de ser exportado.<\/p>\n<p>\u2713 Mejoramiento y la conservaci\u00f3n de la fertilidad y de la productividad del suelo<\/p>\n<p>\u2713 Viabilidad econ\u00f3mica.<\/p>\n<p>\u2713 Equidad y mejora de la calidad de vida de los agricultores y de la sociedad.<\/p>\n<p>\u2713 Minimizaci\u00f3n de los impactos, protecci\u00f3n y mejoramiento del ambiente.<\/p>\n<p>\u2713 La durabilidad del sistema en el largo plazo en lugar de la rentabilidad de corto plazo.<\/p>\n<p>&nbsp;<\/p>\n<h5><strong>Para una mejor aplicaci\u00f3n y desempe\u00f1o\u00a0de nuestro producto, por favor contactar a nuestros representantes y asesores, quienes le ayudaran\u00a0y asesoraran en la aplicaci\u00f3n m\u00e1s adecuada a su cultivo.<\/strong><\/h5>\n<p>[\/vc_column_text][\/vc_column][\/vc_row]<\/p>\n","protected":false},"excerpt":{"rendered":"<p>[vc_row][vc_column][vc_custom_heading text=&#8221;BiO2 Vital para la agricultura&#8221; google_fonts=&#8221;font_family:ABeeZee%3Aregular%2Citalic|font_style:400%20regular%3A400%3Anormal&#8221;][\/vc_column][\/vc_row][vc_row][vc_column][vc_column_text]BiO2 Vital es un moderno aditivo natural, estimulante de crecimiento de plantas, que promueve la producci\u00f3n org\u00e1nica y convencional.&hellip;<\/p>\n<p><a href=\"https:\/\/bio2-agro.com\/es\/cultivos\/\" class=\"more-link post-excerpt-readmore\"><span class=\"more-link-inner\">Read more<\/span><span class=\"more-link-brd\"><\/span><\/a><\/p>\n","protected":false},"author":1,"featured_media":0,"parent":0,"menu_order":0,"comment_status":"closed","ping_status":"closed","template":"","meta":{"_joinchat":[],"footnotes":""},"class_list":["post-2360","page","type-page","status-publish","hentry"],"_links":{"self":[{"href":"https:\/\/bio2-agro.com\/es\/wp-json\/wp\/v2\/pages\/2360","targetHints":{"allow":["GET"]}}],"collection":[{"href":"https:\/\/bio2-agro.com\/es\/wp-json\/wp\/v2\/pages"}],"about":[{"href":"https:\/\/bio2-agro.com\/es\/wp-json\/wp\/v2\/types\/page"}],"author":[{"embeddable":true,"href":"https:\/\/bio2-agro.com\/es\/wp-json\/wp\/v2\/users\/1"}],"replies":[{"embeddable":true,"href":"https:\/\/bio2-agro.com\/es\/wp-json\/wp\/v2\/comments?post=2360"}],"version-history":[{"count":1,"href":"https:\/\/bio2-agro.com\/es\/wp-json\/wp\/v2\/pages\/2360\/revisions"}],"predecessor-version":[{"id":2362,"href":"https:\/\/bio2-agro.com\/es\/wp-json\/wp\/v2\/pages\/2360\/revisions\/2362"}],"wp:attachment":[{"href":"https:\/\/bio2-agro.com\/es\/wp-json\/wp\/v2\/media?parent=2360"}],"curies":[{"name":"wp","href":"https:\/\/api.w.org\/{rel}","templated":true}]}}