{"id":2380,"date":"2017-08-26T22:54:43","date_gmt":"2017-08-27T04:54:43","guid":{"rendered":"http:\/\/www.bio2-agro.com\/demo\/es\/?page_id=2380"},"modified":"2017-08-26T22:54:43","modified_gmt":"2017-08-27T04:54:43","slug":"alimentacion-animal","status":"publish","type":"page","link":"https:\/\/bio2-agro.com\/es\/alimentacion-animal\/","title":{"rendered":"Alimentaci\u00f3n Animal"},"content":{"rendered":"<p>[vc_row][vc_column][vc_column_text]<b>BiO<\/b><b>2<\/b>\u00a0<b>PREBIOTIC<\/b>\u00a0<b>Para alimentaci\u00f3n\u00a0<\/b><b>animal mejoran\u00a0<\/b><b>la digesti\u00f3n y absorci\u00f3n de\u00a0<\/b><b>nutrientes.<\/b><\/p>\n<p><b>\u00c1mbitos\u00a0<\/b><b>de aplicaci\u00f3n<\/b><\/p>\n<p><b>BiO2 PREBIOTIC\u00a0<\/b><b><\/b>para alimentaci\u00f3n animal se a\u00f1ade a la dieta de cerdos, vacas, caballos, cabras y ovejas.<\/p>\n<p>BiO2 PREBIOTIC alimentan a los \u201cprobi\u00f3ticos\u201d, las bacterias beneficiosas para la salud digestiva , el sistema inmune, y m\u00e1s. BiO2 PREBIOTIC es un ingrediente alimentario no digerible que afecta beneficiosamente al hu\u00e9sped estimulando efectivamente el crecimiento y \/ o actividad de la vida microbiana ben\u00e9fica en el aparato digestivo, mejorando de este modo la salud del animal.<\/p>\n<p>&nbsp;<\/p>\n<ul>\n<li>Los animales alimentados con BiO2 PREBIOTIC son menos propensos a diarreas causada por pat\u00f3genos.<\/li>\n<li>Alimentado a las hembras durante el embarazo y la lactancia, BiO2 PREBIOTIC proporcionan protecci\u00f3n inmunol\u00f3gica mejorada a los cachorros a trav\u00e9s del calostro y la leche, y los reci\u00e9n nacidos tienen una mayor respuesta a las vacunas.<\/li>\n<li>BiO2 PREBIOTIC apoya en trastornos de inmunosupresi\u00f3n o digestivo, y despu\u00e9s de la terapia con antibi\u00f3ticos. Los estudios realizados muestran que BiO2 PREBIOTIC\u00a0<b>apoya\u00a0<\/b>a corregir niveles altos de triglic\u00e9ridos o colesterol en sangre.<\/li>\n<\/ul>\n<p><b><img class=\"lazyload alignright size-full wp-image-2381\" data-original=\"http:\/\/www.bio2-agro.com\/demo\/es\/wp-content\/uploads\/2017\/08\/BiO2-PRPREEBIOTIC-en-Vaca.jpg\" alt=\"\" width=\"224\" height=\"196\" \/>Efectos\u00a0<\/b><b>en el establo<\/b><\/p>\n<p>&nbsp;<\/p>\n<ul>\n<li><b>Reducci\u00f3n de las emisiones de gases nocivos<\/b><\/li>\n<li><b>Homogeneizaci\u00f3n del abono l\u00edquido<\/b><\/li>\n<li><b>Eliminaci\u00f3n de capas flotantes y sedimentos<\/b><\/li>\n<li><b>Reducci\u00f3n significativa de los malos olores.<\/b><\/li>\n<\/ul>\n<p>&nbsp;<\/p>\n<p><strong>Solicita mas informaci\u00f3n\u00a0a un asesor local<\/strong>[\/vc_column_text][\/vc_column][\/vc_row]<\/p>\n","protected":false},"excerpt":{"rendered":"<p>[vc_row][vc_column][vc_column_text]BiO2\u00a0PREBIOTIC\u00a0Para alimentaci\u00f3n\u00a0animal mejoran\u00a0la digesti\u00f3n y absorci\u00f3n de\u00a0nutrientes. \u00c1mbitos\u00a0de aplicaci\u00f3n BiO2 PREBIOTIC\u00a0para alimentaci\u00f3n animal se a\u00f1ade a la dieta de cerdos, vacas, caballos, cabras y ovejas.&hellip;<\/p>\n<p><a href=\"https:\/\/bio2-agro.com\/es\/alimentacion-animal\/\" class=\"more-link post-excerpt-readmore\"><span class=\"more-link-inner\">Read more<\/span><span class=\"more-link-brd\"><\/span><\/a><\/p>\n","protected":false},"author":1,"featured_media":0,"parent":0,"menu_order":0,"comment_status":"closed","ping_status":"closed","template":"","meta":{"_joinchat":[],"footnotes":""},"class_list":["post-2380","page","type-page","status-publish","hentry"],"_links":{"self":[{"href":"https:\/\/bio2-agro.com\/es\/wp-json\/wp\/v2\/pages\/2380","targetHints":{"allow":["GET"]}}],"collection":[{"href":"https:\/\/bio2-agro.com\/es\/wp-json\/wp\/v2\/pages"}],"about":[{"href":"https:\/\/bio2-agro.com\/es\/wp-json\/wp\/v2\/types\/page"}],"author":[{"embeddable":true,"href":"https:\/\/bio2-agro.com\/es\/wp-json\/wp\/v2\/users\/1"}],"replies":[{"embeddable":true,"href":"https:\/\/bio2-agro.com\/es\/wp-json\/wp\/v2\/comments?post=2380"}],"version-history":[{"count":1,"href":"https:\/\/bio2-agro.com\/es\/wp-json\/wp\/v2\/pages\/2380\/revisions"}],"predecessor-version":[{"id":2382,"href":"https:\/\/bio2-agro.com\/es\/wp-json\/wp\/v2\/pages\/2380\/revisions\/2382"}],"wp:attachment":[{"href":"https:\/\/bio2-agro.com\/es\/wp-json\/wp\/v2\/media?parent=2380"}],"curies":[{"name":"wp","href":"https:\/\/api.w.org\/{rel}","templated":true}]}}