{"id":2383,"date":"2017-08-26T22:57:39","date_gmt":"2017-08-27T04:57:39","guid":{"rendered":"http:\/\/www.bio2-agro.com\/demo\/es\/?page_id=2383"},"modified":"2017-08-26T22:59:16","modified_gmt":"2017-08-27T04:59:16","slug":"acuacultura","status":"publish","type":"page","link":"https:\/\/bio2-agro.com\/es\/acuacultura\/","title":{"rendered":"Acuacultura"},"content":{"rendered":"<p>[vc_row][vc_column][vc_column_text]<\/p>\n<h3><b>BIO<span class=\"Estilo1\">2<\/span>\u00a0Akua<br \/>\n<\/b><\/h3>\n<h3><b>Tratamiento Ecol\u00f3gico para granjas acu\u00e1ticas.<\/b><\/h3>\n<h5><b>BiO<\/b><b><span class=\"Estilo1\">2\u00a0<\/span><\/b><b>Akua, e<\/b>stimulante de la producci\u00f3n de acu\u00edcola ecol\u00f3gica y el mejor apoyo en la acuacultura convencional\u00a0<b>.<\/b><\/h5>\n<p>Estudios de factibilidad y experiencias en campo, comprueban:<\/p>\n<p>\u2713<img class=\"lazyload alignright wp-image-2384 size-medium\" data-original=\"http:\/\/www.bio2-agro.com\/demo\/es\/wp-content\/uploads\/2017\/08\/Efecto-BiO2-Akua-300x263.png\" alt=\"\" width=\"300\" height=\"263\" \/> El apoyo en el aumento de microorganismos presentes en los fondos de los estanques tratados<\/p>\n<p>\u2713 Condiciones aerobicas ideales para el cultivo de cualquier especie acu\u00e1tica<\/p>\n<p>\u2713 Reduciendo de e de enfermedades<\/p>\n<p>\u2713 Aumento en e aprovechamiento de la nutrici\u00f3n<\/p>\n<p><b>Los efectos<\/b><\/p>\n<p>\u2713 Limpieza del agua<\/p>\n<p>\u2713 Crecimiento de la poblaci\u00f3n sana,<\/p>\n<p>\u2713 Optimizaci\u00f3n del alimento<\/p>\n<h5><\/h5>\n<p><em><strong><img class=\"lazyload alignright size-thumbnail wp-image-2358\" data-original=\"http:\/\/www.bio2-agro.com\/demo\/es\/wp-content\/uploads\/2014\/12\/solucion_integral-150x150.png\" alt=\"\" width=\"150\" height=\"150\" \/>Conoce tambi\u00e9n:<\/strong><\/em><\/p>\n<p><em><strong>Soluci\u00f3n integral en remediaci\u00f3n ecol\u00f3gica<\/strong><\/em><\/p>\n<p><em><strong>Todo integrado en un paquete de alta tecnolog\u00eda, ecol\u00f3gico, sustentable y de costo ben\u00e9fico, a favor de nuestros clientes.<\/strong><\/em><\/p>\n<p>&nbsp;<\/p>\n<h5><strong>Para una mejor aplicaci\u00f3n y desempa\u00f1o de nuestro producto, por favor contactar a nuestros representantes y asesores, quienes le apoyaran y asesoraran en la aplicaci\u00f3n m\u00e1s adecuada a su cultivo.<\/strong><\/h5>\n<p>[\/vc_column_text][\/vc_column][\/vc_row]<\/p>\n","protected":false},"excerpt":{"rendered":"<p>[vc_row][vc_column][vc_column_text] BIO2\u00a0Akua Tratamiento Ecol\u00f3gico para granjas acu\u00e1ticas. BiO2\u00a0Akua, estimulante de la producci\u00f3n de acu\u00edcola ecol\u00f3gica y el mejor apoyo en la acuacultura convencional\u00a0. Estudios de&hellip;<\/p>\n<p><a href=\"https:\/\/bio2-agro.com\/es\/acuacultura\/\" class=\"more-link post-excerpt-readmore\"><span class=\"more-link-inner\">Read more<\/span><span class=\"more-link-brd\"><\/span><\/a><\/p>\n","protected":false},"author":1,"featured_media":0,"parent":0,"menu_order":0,"comment_status":"closed","ping_status":"closed","template":"","meta":{"_joinchat":[],"footnotes":""},"class_list":["post-2383","page","type-page","status-publish","hentry"],"_links":{"self":[{"href":"https:\/\/bio2-agro.com\/es\/wp-json\/wp\/v2\/pages\/2383","targetHints":{"allow":["GET"]}}],"collection":[{"href":"https:\/\/bio2-agro.com\/es\/wp-json\/wp\/v2\/pages"}],"about":[{"href":"https:\/\/bio2-agro.com\/es\/wp-json\/wp\/v2\/types\/page"}],"author":[{"embeddable":true,"href":"https:\/\/bio2-agro.com\/es\/wp-json\/wp\/v2\/users\/1"}],"replies":[{"embeddable":true,"href":"https:\/\/bio2-agro.com\/es\/wp-json\/wp\/v2\/comments?post=2383"}],"version-history":[{"count":4,"href":"https:\/\/bio2-agro.com\/es\/wp-json\/wp\/v2\/pages\/2383\/revisions"}],"predecessor-version":[{"id":2764,"href":"https:\/\/bio2-agro.com\/es\/wp-json\/wp\/v2\/pages\/2383\/revisions\/2764"}],"wp:attachment":[{"href":"https:\/\/bio2-agro.com\/es\/wp-json\/wp\/v2\/media?parent=2383"}],"curies":[{"name":"wp","href":"https:\/\/api.w.org\/{rel}","templated":true}]}}