{"id":2389,"date":"2017-08-26T23:11:33","date_gmt":"2017-08-27T05:11:33","guid":{"rendered":"http:\/\/www.bio2-agro.com\/demo\/es\/?page_id=2389"},"modified":"2017-08-26T23:13:38","modified_gmt":"2017-08-27T05:13:38","slug":"cuerpo-de-agua","status":"publish","type":"page","link":"https:\/\/bio2-agro.com\/es\/cuerpo-de-agua\/","title":{"rendered":"Cuerpo de Agua"},"content":{"rendered":"<p>[vc_row][vc_column][vc_column_text]<\/p>\n<h3><b>BIO<span class=\"Estilo1\">2<\/span>\u00a0Akua<\/b><\/h3>\n<h4>Tratamiento y biorremediaci\u00f3n ecol\u00f3gico para cuerpos de agua.<\/h4>\n<p><strong>BiO2 Akua remediaci\u00f3n revitaliza y mejora elementos del agua de manera ecol\u00f3gica, sostenible y altamente rentable.<\/strong><\/p>\n<p>La limpieza de los cuerpos de agua es una cuesti\u00f3n primordial, entre otras cosas para dar respuesta a los problemas provocados por las algas, el mal estado de las aguas.<\/p>\n<p>&nbsp;<\/p>\n<p><strong>Aplicaciones<\/strong><\/p>\n<p><img class=\"lazyload alignright wp-image-2384 size-medium\" data-original=\"http:\/\/www.bio2-agro.com\/demo\/es\/wp-content\/uploads\/2017\/08\/Efecto-BiO2-Akua-300x263.png\" alt=\"\" width=\"300\" height=\"263\" \/><\/p>\n<p><b>Ventajas<\/b><\/p>\n<ul>\n<li>Ahorro de trabajo para el departamento de mantenimiento,<\/li>\n<li>Apoya la reducci\u00f3n de contaminantes,<\/li>\n<li>Facilita la eliminaci\u00f3n del biofilms.<\/li>\n<li>Reducci\u00f3n de mosquitos<\/li>\n<li>Reducci\u00f3n de la fumigantes<\/li>\n<li>Efecto duradero a largo plazo,<\/li>\n<li>Reducci\u00f3n de desechos contaminantes, fortaleciendo de paso el crecimiento de la hierba en el campo<\/li>\n<li>No perjudica en absoluto al ecosistema (peces, ranas, patos, etc.)<\/li>\n<\/ul>\n<p>&nbsp;<\/p>\n<p><strong><img class=\"lazyload alignright wp-image-2358 size-thumbnail\" data-original=\"http:\/\/www.bio2-agro.com\/demo\/es\/wp-content\/uploads\/2014\/12\/solucion_integral-150x150.png\" alt=\"\" width=\"150\" height=\"150\" \/>Conoce tambi\u00e9n:<\/strong><\/p>\n<p><em><strong>Soluci\u00f3n integral en remediaci\u00f3n ecol\u00f3gica<\/strong><\/em><\/p>\n<p><em><strong>Todo integrado en un paquete de alta tecnolog\u00eda, ecol\u00f3gico, sustentable y de costo ben\u00e9fico, a favor de nuestros clientes.<\/strong><\/em>[\/vc_column_text][\/vc_column][\/vc_row]<\/p>\n","protected":false},"excerpt":{"rendered":"<p>[vc_row][vc_column][vc_column_text] BIO2\u00a0Akua Tratamiento y biorremediaci\u00f3n ecol\u00f3gico para cuerpos de agua. BiO2 Akua remediaci\u00f3n revitaliza y mejora elementos del agua de manera ecol\u00f3gica, sostenible y altamente&hellip;<\/p>\n<p><a href=\"https:\/\/bio2-agro.com\/es\/cuerpo-de-agua\/\" class=\"more-link post-excerpt-readmore\"><span class=\"more-link-inner\">Read more<\/span><span class=\"more-link-brd\"><\/span><\/a><\/p>\n","protected":false},"author":1,"featured_media":0,"parent":0,"menu_order":0,"comment_status":"closed","ping_status":"closed","template":"","meta":{"_joinchat":[],"footnotes":""},"class_list":["post-2389","page","type-page","status-publish","hentry"],"_links":{"self":[{"href":"https:\/\/bio2-agro.com\/es\/wp-json\/wp\/v2\/pages\/2389","targetHints":{"allow":["GET"]}}],"collection":[{"href":"https:\/\/bio2-agro.com\/es\/wp-json\/wp\/v2\/pages"}],"about":[{"href":"https:\/\/bio2-agro.com\/es\/wp-json\/wp\/v2\/types\/page"}],"author":[{"embeddable":true,"href":"https:\/\/bio2-agro.com\/es\/wp-json\/wp\/v2\/users\/1"}],"replies":[{"embeddable":true,"href":"https:\/\/bio2-agro.com\/es\/wp-json\/wp\/v2\/comments?post=2389"}],"version-history":[{"count":2,"href":"https:\/\/bio2-agro.com\/es\/wp-json\/wp\/v2\/pages\/2389\/revisions"}],"predecessor-version":[{"id":2391,"href":"https:\/\/bio2-agro.com\/es\/wp-json\/wp\/v2\/pages\/2389\/revisions\/2391"}],"wp:attachment":[{"href":"https:\/\/bio2-agro.com\/es\/wp-json\/wp\/v2\/media?parent=2389"}],"curies":[{"name":"wp","href":"https:\/\/api.w.org\/{rel}","templated":true}]}}