{"id":2392,"date":"2017-08-26T23:39:50","date_gmt":"2017-08-27T05:39:50","guid":{"rendered":"http:\/\/www.bio2-agro.com\/demo\/es\/?page_id=2392"},"modified":"2017-08-26T23:39:50","modified_gmt":"2017-08-27T05:39:50","slug":"campos-de-golf-y-jardines","status":"publish","type":"page","link":"https:\/\/bio2-agro.com\/es\/campos-de-golf-y-jardines\/","title":{"rendered":"Campos de Golf y Jardines"},"content":{"rendered":"<p>[vc_row][vc_column][vc_column_text]<\/p>\n<h3>BiO<span class=\"Estilo1\">2<\/span>\u00a0Golf &amp; Garden<\/h3>\n<h4>Soluciones integrales para campos Verdes, de Golf y Jardines<\/h4>\n<h4><b>BiO<\/b><b><span class=\"Estilo1\">2<\/span><\/b><b>Akua<\/b><b>\u2013<\/b><b>remediaci\u00f3n optimizada |\u00a0<\/b><b>BiO<\/b><b><span class=\"Estilo1\">2<\/span><\/b><b>Vital p<\/b><b>ara\u00a0<\/b><b>c\u00e9sped\u00a0|\u00a0<\/b><b>BiO<\/b><b><span class=\"Estilo1\">2<\/span><\/b><b>Vital\u00a0<\/b><b>Prohumus<\/b><\/h4>\n<p><b><img class=\"lazyload wp-image-2352 alignleft\" data-original=\"http:\/\/www.bio2-agro.com\/demo\/es\/wp-content\/uploads\/2014\/12\/remediacion_acuacultura-150x150.png\" alt=\"\" width=\"100\" height=\"100\" \/>BiO<\/b><b><span class=\"Estilo1\">2<\/span><\/b><b>Akua<\/b><b>\u00a0remediaci\u00f3n\u00a0<\/b>revitaliza y mejora elementos de los lagos y lagunas en los campos de golf, siempre de manera ecol\u00f3gica, sostenible y rentable<\/p>\n<p>&nbsp;<\/p>\n<p>&nbsp;<\/p>\n<p><b><img class=\"lazyload alignleft wp-image-2348\" data-original=\"http:\/\/www.bio2-agro.com\/demo\/es\/wp-content\/uploads\/2014\/12\/cultivos-150x150.png\" alt=\"\" width=\"100\" height=\"100\" \/>BiO<\/b><b><span class=\"Estilo1\">2<\/span><\/b><b>\u00a0Vital aplicado a c\u00e9sped de golf y jardines\u00a0<\/b>ayuda a controlar la paja, reduce la necesidad de otros nutrientes y complementos fertilizantes. El resultado es un c\u00e9sped m\u00e1s resistente y sano.<\/p>\n<p>&nbsp;<\/p>\n<p>&nbsp;<\/p>\n<p><b><img class=\"lazyload alignleft wp-image-2350\" data-original=\"http:\/\/www.bio2-agro.com\/demo\/es\/wp-content\/uploads\/2014\/12\/degradacion_inorganica-150x150.png\" alt=\"\" width=\"100\" height=\"100\" \/>BiO<span class=\"Estilo1\">2<\/span>\u00a0<\/b><b>Prohumus\u00a0ayuda a<\/b>\u00a0promover la producci\u00f3n de compuestos h\u00famicos de alta calidad, mediante el aprovechamiento de la la basura org\u00e1nica como la generada en las podas o simplemente como apoyo a los procesos aerobios del suelo.<\/p>\n<p>&nbsp;<\/p>\n<p>&nbsp;<\/p>\n<p><em><strong><img class=\"lazyload alignleft wp-image-2358\" data-original=\"http:\/\/www.bio2-agro.com\/demo\/es\/wp-content\/uploads\/2014\/12\/solucion_integral-150x150.png\" alt=\"\" width=\"100\" height=\"100\" \/>Conoce tambi\u00e9n:\u00a0Soluci\u00f3n integral en remediaci\u00f3n ecol\u00f3gica<\/strong><\/em><\/p>\n<p><em><strong>Todo integrado en un paquete de alta tecnolog\u00eda, ecol\u00f3gico, sustentable y de costo ben\u00e9fico, a favor de nuestros clientes.<\/strong><\/em><\/p>\n<p>[\/vc_column_text][\/vc_column][\/vc_row]<\/p>\n","protected":false},"excerpt":{"rendered":"<p>[vc_row][vc_column][vc_column_text] BiO2\u00a0Golf &amp; Garden Soluciones integrales para campos Verdes, de Golf y Jardines BiO2Akua\u2013remediaci\u00f3n optimizada |\u00a0BiO2Vital para\u00a0c\u00e9sped\u00a0|\u00a0BiO2Vital\u00a0Prohumus BiO2Akua\u00a0remediaci\u00f3n\u00a0revitaliza y mejora elementos de los lagos y&hellip;<\/p>\n<p><a href=\"https:\/\/bio2-agro.com\/es\/campos-de-golf-y-jardines\/\" class=\"more-link post-excerpt-readmore\"><span class=\"more-link-inner\">Read more<\/span><span class=\"more-link-brd\"><\/span><\/a><\/p>\n","protected":false},"author":1,"featured_media":0,"parent":0,"menu_order":0,"comment_status":"closed","ping_status":"closed","template":"","meta":{"_joinchat":[],"footnotes":""},"class_list":["post-2392","page","type-page","status-publish","hentry"],"_links":{"self":[{"href":"https:\/\/bio2-agro.com\/es\/wp-json\/wp\/v2\/pages\/2392","targetHints":{"allow":["GET"]}}],"collection":[{"href":"https:\/\/bio2-agro.com\/es\/wp-json\/wp\/v2\/pages"}],"about":[{"href":"https:\/\/bio2-agro.com\/es\/wp-json\/wp\/v2\/types\/page"}],"author":[{"embeddable":true,"href":"https:\/\/bio2-agro.com\/es\/wp-json\/wp\/v2\/users\/1"}],"replies":[{"embeddable":true,"href":"https:\/\/bio2-agro.com\/es\/wp-json\/wp\/v2\/comments?post=2392"}],"version-history":[{"count":2,"href":"https:\/\/bio2-agro.com\/es\/wp-json\/wp\/v2\/pages\/2392\/revisions"}],"predecessor-version":[{"id":2394,"href":"https:\/\/bio2-agro.com\/es\/wp-json\/wp\/v2\/pages\/2392\/revisions\/2394"}],"wp:attachment":[{"href":"https:\/\/bio2-agro.com\/es\/wp-json\/wp\/v2\/media?parent=2392"}],"curies":[{"name":"wp","href":"https:\/\/api.w.org\/{rel}","templated":true}]}}