{"id":2395,"date":"2017-08-26T23:46:53","date_gmt":"2017-08-27T05:46:53","guid":{"rendered":"http:\/\/www.bio2-agro.com\/demo\/es\/?page_id=2395"},"modified":"2020-07-12T06:38:19","modified_gmt":"2020-07-12T12:38:19","slug":"bio2-vital","status":"publish","type":"page","link":"https:\/\/bio2-agro.com\/es\/bio2-vital\/","title":{"rendered":"BiO2 Vital"},"content":{"rendered":"<p>[vc_row][vc_column][vc_column_text]<img class=\"lazyload alignright size-full wp-image-2396\" data-original=\"http:\/\/www.bio2-agro.com\/demo\/es\/wp-content\/uploads\/2017\/08\/BiO2-Vital-cubeta-e1453470246428.png\" alt=\"\" width=\"146\" height=\"87\" \/>BiO2 VITAL es un polvo humectable, usado como <strong>a<\/strong><strong>ditivo mineral, recomendado para disminuir el estr\u00e9s en las los cultivos, optimizar la nutrici\u00f3n<\/strong>\u00a0<strong>y promover el correcto desarrollo de la planta<\/strong>\u00a0a pesar de encontrarse bajo condiciones adversas, tales como: trasplante, granizo, heladas, viento, poda, etc.. Promotor de crecimiento y vigorizante\u00a0 desde la germinaci\u00f3n hasta la fructificaci\u00f3n\u00a0. Excelente apoyo en cultivos intensivos.<\/p>\n<p><strong>FICHA\u00a0T\u00c9CNICA<\/strong><\/p>\n<p><strong>Usos:\u00a0<\/strong><strong>Agr\u00edcola<\/strong><\/p>\n<p><strong>BiO2 Vital<\/strong>\u00a0es ben\u00e9fico\u00a0para cualquier especie de cultivo (cereales, frutas, hortalizas, hierbas finas, flores, berries, Vid, c\u00edtricos, cucurbit\u00e1ceos, Pl\u00e1ntulas,\u00a0etc.).<\/p>\n<p><strong>Aplicaci\u00f3n:<\/strong><\/p>\n<p><img class=\"lazyload aligncenter size-full wp-image-2397\" data-original=\"http:\/\/www.bio2-agro.com\/demo\/es\/wp-content\/uploads\/2017\/08\/APLICACION-DE-BiO2-768x341.jpg\" alt=\"\" width=\"768\" height=\"341\" \/><\/p>\n<p>Producci\u00f3n de soluci\u00f3n lista para usar, suficiente para una 1 Ha de terreno. Dosificaci\u00f3n: 1 kg \/ Ha<\/p>\n<p>1.Disolver 2 kg de\u00a0<strong>BiO2\u00a0VITAL<\/strong>\u00a0en la cantidad adecuada de agua fresca (20 a 50 litros).<\/p>\n<p>2.Permita reposar 10 minutos.<\/p>\n<p>3.Agitar de nuevo y llevar a la cantidad de agua que utiliza para una hect\u00e1rea.<\/p>\n<p>Para cantidades menores disolver 100 gramos en 20-50 litros de agua fresca, dejar reposar 10 minutos, agitar de nuevo y pulverizar sobre el \u00e1rea de suelo.<\/p>\n<p>Tiempos de aplicaciones: Antes o despu\u00e9s del brote<strong>.<\/strong><\/p>\n<p>La primera aplicaci\u00f3n debe hacerse antes de la tercera hoja verdadera. Aplicaciones posteriores con intervalos de 15 d\u00edas.<\/p>\n<p>N\u00famero de aplicaciones: 1 a 2 aplicaciones por floraci\u00f3n (dato general). Aplicar seg\u00fan las necesidades del cultivo.<\/p>\n<p><strong>BiO2\u00a0VITAL\u00a0<\/strong>se puede combinar con fertilizantes minerales, productos qu\u00edmicos y fito-sanitarios de todo tipo. \u00datil en todo el rango de pH.<\/p>\n<p><strong>Ingredientes:<\/strong><\/p>\n<p>Sulfato de magnesio heptahidratado, (49% MgSO4, 7H2O,\u00a048,9%\u00a0 H2O, 0,1% K2SO4\/CaSO4\/KCl\/NaCl), activado mediante ox\u00edgeno.<\/p>\n<p><strong>Color:<\/strong>\u00a0Blanco a Beige \u00a0 \u00a0 \u00a0 \u00a0 \u00a0 \u00a0 \u00a0 \u00a0 \u00a0 \u00a0 \u00a0 \u00a0 \u00a0 \u00a0\u00a0<strong>Forma f\u00edsica<\/strong>: Granulado<\/p>\n<p><strong>Fitotoxicidad:<\/strong><\/p>\n<p>BiO2 Vital se tolera muy bien por los cultivos (no hay fitotoxicidad a trav\u00e9s abrasador).<\/p>\n<p><strong>Incompatibilidad:<\/strong><\/p>\n<p>BiO2 Vital se puede combinar con fertilizantes minerales, productos qu\u00edmicos y fitosanitarios de todo tipo<strong>.\u00a0<\/strong>Sin embargo se recomienda\u00a0<strong>hacer el siguiente test de compatibilidad:\u00a0\u00a0<\/strong>a\u00f1adir 5% BiO2 Vital para un determinado volumen de agua, mezclar bien y luego a\u00f1adir el producto (s) de protecci\u00f3n fitosanitaria. Si se disuelve completamente, los productos son compatibles. BiO2 Vital \u00a0es \u00datil en todo el rango de pH. Para un mejor desempe\u00f1o de nuestro producto, contactar a nuestros representantes y asesores, quienes le apoyaran en la aplicaci\u00f3n m\u00e1s adecuada.<\/p>\n<p>[\/vc_column_text][\/vc_column][\/vc_row]<\/p>\n","protected":false},"excerpt":{"rendered":"<p>[vc_row][vc_column][vc_column_text]BiO2 VITAL es un polvo humectable, usado como aditivo mineral, recomendado para disminuir el estr\u00e9s en las los cultivos, optimizar la nutrici\u00f3n\u00a0y promover el correcto&hellip;<\/p>\n<p><a href=\"https:\/\/bio2-agro.com\/es\/bio2-vital\/\" class=\"more-link post-excerpt-readmore\"><span class=\"more-link-inner\">Read more<\/span><span class=\"more-link-brd\"><\/span><\/a><\/p>\n","protected":false},"author":1,"featured_media":0,"parent":0,"menu_order":0,"comment_status":"closed","ping_status":"closed","template":"","meta":{"_joinchat":[],"footnotes":""},"class_list":["post-2395","page","type-page","status-publish","hentry"],"_links":{"self":[{"href":"https:\/\/bio2-agro.com\/es\/wp-json\/wp\/v2\/pages\/2395","targetHints":{"allow":["GET"]}}],"collection":[{"href":"https:\/\/bio2-agro.com\/es\/wp-json\/wp\/v2\/pages"}],"about":[{"href":"https:\/\/bio2-agro.com\/es\/wp-json\/wp\/v2\/types\/page"}],"author":[{"embeddable":true,"href":"https:\/\/bio2-agro.com\/es\/wp-json\/wp\/v2\/users\/1"}],"replies":[{"embeddable":true,"href":"https:\/\/bio2-agro.com\/es\/wp-json\/wp\/v2\/comments?post=2395"}],"version-history":[{"count":3,"href":"https:\/\/bio2-agro.com\/es\/wp-json\/wp\/v2\/pages\/2395\/revisions"}],"predecessor-version":[{"id":2545,"href":"https:\/\/bio2-agro.com\/es\/wp-json\/wp\/v2\/pages\/2395\/revisions\/2545"}],"wp:attachment":[{"href":"https:\/\/bio2-agro.com\/es\/wp-json\/wp\/v2\/media?parent=2395"}],"curies":[{"name":"wp","href":"https:\/\/api.w.org\/{rel}","templated":true}]}}