{"id":2399,"date":"2017-08-27T00:10:56","date_gmt":"2017-08-27T06:10:56","guid":{"rendered":"http:\/\/www.bio2-agro.com\/demo\/es\/?page_id=2399"},"modified":"2017-08-27T00:18:27","modified_gmt":"2017-08-27T06:18:27","slug":"bio2-prohumus","status":"publish","type":"page","link":"https:\/\/bio2-agro.com\/es\/bio2-prohumus\/","title":{"rendered":"BiO2 Prohumus"},"content":{"rendered":"<p>[vc_row][vc_column][vc_column_text]<strong>BiO<sub>2\u00a0<\/sub>\u00a0Prohumus\u00a0 es un biocatalizador natural\u00a0 que promueve la producci\u00f3n de compuestos h\u00famicos de alta calidad., mediante el aprovechamiento de\u00a0 la materia org\u00e1nica de desecho y la activaci\u00f3n de a vida microbiana ben\u00e9fica.<\/strong><\/p>\n<p><strong>Usos<\/strong><\/p>\n<ul>\n<li>Acelerador de Compostaje.<\/li>\n<li>Mejorador de Suelos agr\u00edcolas<\/li>\n<li>Estabilizador de esti\u00e9rcol en\u00a0granjas y fosas.<\/li>\n<li>Potencializador de productos tales como: Humus, Cepas Microbianas, Mejoradores de suelo org\u00e1nicos y qu\u00edmicos, adherentes.<\/li>\n<li>Auxiliar en la gesti\u00f3n y manejo de lodos de PTAR.<\/li>\n<\/ul>\n<p><strong>Efectos<\/strong><\/p>\n<ul>\n<li>Activa los microorganismos ben\u00e9ficos del suelo.<\/li>\n<li>Mejorar\u00e1 la oxigenaci\u00f3n.<\/li>\n<\/ul>\n<p><strong>Beneficios<\/strong><\/p>\n<ul>\n<li>Genere su propio humus\u00a0 de alta calidad, mediante el aprovechamiento y\u00a0 facilita\u00a0 tratamiento de residuos org\u00e1nicos.<\/li>\n<li>Ahorros de energ\u00eda y ahorro de mano de obra, mayor respeto del medio ambiente, una mejor calidad de fertilizantes,\u00a0reduce costos, ampliar la capacidad de tratamiento de las plantas, ahorrar costes de los fertilizantes, disminuye volumen de desechos, evita malos olores.<\/li>\n<\/ul>\n<p><strong>Aplicaci\u00f3n:\u00a0<\/strong><\/p>\n<ol>\n<li>Producci\u00f3n de soluci\u00f3n lista para usar.<br \/>\n<img class=\"lazyload aligncenter wp-image-2402 size-large\" data-original=\"http:\/\/www.bio2-agro.com\/demo\/es\/wp-content\/uploads\/2017\/08\/APLICACION-DE-BiO2-p-1024x455.jpg\" alt=\"\" width=\"1000\" height=\"444\" \/><\/li>\n<li><strong>Aplicar dosis de acuerdo a tuoi de aplicaci\u00f3n<\/strong><\/li>\n<\/ol>\n<ul>\n<li><strong>\u00a0BiO<sub>2\u00a0<\/sub>en Composta<\/strong><\/li>\n<li><strong>BiO<sub>2\u00a0<\/sub>en colectores de esti\u00e9rcol l\u00edquido<\/strong><\/li>\n<li><strong>BiO<sub>2\u00a0\u00a0<\/sub>en mulch, rastrojo o materia org\u00e1nica en camas<\/strong><\/li>\n<li><strong>BiO<sub>2\u00a0<\/sub>en Establos o Granja<\/strong><\/li>\n<\/ul>\n<p><strong>Ingredientes<\/strong><\/p>\n<p>Carbonato de calcio puro y natural, activado mediante ox\u00edgeno. CaCO<sub>3<\/sub><sub>\u00a0=\u00a0<\/sub>90%, Elementos traza 10% (K2SO<sub>4<\/sub>\/CaSO4\/KCl\/NaCl)\u00a0Activados mediante ox\u00edgeno.<\/p>\n<p><strong>Aspecto<\/strong><\/p>\n<p>Polvo, el color puede variar de Beige a Blanco<\/p>\n<p><strong>Almacenaje<\/strong><\/p>\n<p>Almacenar y transportar\u00a0 en condiciones de oscuridad, fresco y seco, mantener la distancia de&gt; 5 metros a los campos magn\u00e9ticos, el\u00e9ctricos y radiactivos, evitar la exposici\u00f3n m\u00e1s prolongada al ne\u00f3n y la luz del sol directa. Mantenga envase protector cerrado despu\u00e9s de su uso. Max. temperatura de 90 \u00b0 C.<\/p>\n<p>Vida de\u00a0 Almac\u00e9n: 1 a\u00f1os.<\/p>\n<p><strong>Envasado: kg<\/strong><\/p>\n<p><strong>Precauciones<\/strong><\/p>\n<p>Mantener fuera del alcance de los ni\u00f1os. No inhalar. Evitar la formaci\u00f3n de polvo. Use guantes de seguridad.[\/vc_column_text][\/vc_column][\/vc_row]<\/p>\n","protected":false},"excerpt":{"rendered":"<p>[vc_row][vc_column][vc_column_text]BiO2\u00a0\u00a0Prohumus\u00a0 es un biocatalizador natural\u00a0 que promueve la producci\u00f3n de compuestos h\u00famicos de alta calidad., mediante el aprovechamiento de\u00a0 la materia org\u00e1nica de desecho y&hellip;<\/p>\n<p><a href=\"https:\/\/bio2-agro.com\/es\/bio2-prohumus\/\" class=\"more-link post-excerpt-readmore\"><span class=\"more-link-inner\">Read more<\/span><span class=\"more-link-brd\"><\/span><\/a><\/p>\n","protected":false},"author":1,"featured_media":0,"parent":0,"menu_order":0,"comment_status":"closed","ping_status":"closed","template":"","meta":{"_joinchat":[],"footnotes":""},"class_list":["post-2399","page","type-page","status-publish","hentry"],"_links":{"self":[{"href":"https:\/\/bio2-agro.com\/es\/wp-json\/wp\/v2\/pages\/2399","targetHints":{"allow":["GET"]}}],"collection":[{"href":"https:\/\/bio2-agro.com\/es\/wp-json\/wp\/v2\/pages"}],"about":[{"href":"https:\/\/bio2-agro.com\/es\/wp-json\/wp\/v2\/types\/page"}],"author":[{"embeddable":true,"href":"https:\/\/bio2-agro.com\/es\/wp-json\/wp\/v2\/users\/1"}],"replies":[{"embeddable":true,"href":"https:\/\/bio2-agro.com\/es\/wp-json\/wp\/v2\/comments?post=2399"}],"version-history":[{"count":3,"href":"https:\/\/bio2-agro.com\/es\/wp-json\/wp\/v2\/pages\/2399\/revisions"}],"predecessor-version":[{"id":2404,"href":"https:\/\/bio2-agro.com\/es\/wp-json\/wp\/v2\/pages\/2399\/revisions\/2404"}],"wp:attachment":[{"href":"https:\/\/bio2-agro.com\/es\/wp-json\/wp\/v2\/media?parent=2399"}],"curies":[{"name":"wp","href":"https:\/\/api.w.org\/{rel}","templated":true}]}}