{"id":2405,"date":"2017-08-27T12:51:14","date_gmt":"2017-08-27T18:51:14","guid":{"rendered":"http:\/\/www.bio2-agro.com\/demo\/es\/?page_id=2405"},"modified":"2017-08-27T12:54:00","modified_gmt":"2017-08-27T18:54:00","slug":"bio2-prebiotic","status":"publish","type":"page","link":"https:\/\/bio2-agro.com\/es\/bio2-prebiotic\/","title":{"rendered":"BiO2 Prebiotic"},"content":{"rendered":"<p>[vc_row][vc_column][vc_column_text]<b><img class=\"lazyload alignright size-full wp-image-2357\" data-original=\"http:\/\/www.bio2-agro.com\/demo\/es\/wp-content\/uploads\/2014\/12\/nutricion_pecuaria.png\" alt=\"\" width=\"300\" height=\"300\" \/>Usos:<\/b>Complemento alimenticio en la dieta animal<\/p>\n<p><b>Efectos:<\/b>Crear un ambiente simbi\u00f3tico que promueva el crecimiento y \/ o actividad de la vida microbiana ben\u00e9fica en el aparato digestivo de los animales, mejorando de este modo la salud del animal.<\/p>\n<p><b>Dosis:<\/b>200 g por tonelada de alimentos preparados<\/p>\n<p>1-2 g por animal y d\u00eda en ganado vacuno y equino<\/p>\n<p><b>Ingredientes:\u00a0<\/b>Carbonato de calcio puro y natural, activado mediante ox\u00edgeno.<\/p>\n<p>CaCO3 = 90%, Elementos traza 10% (K2SO4\/CaSO4\/KCl\/NaCl)<\/p>\n<p><b>Aspecto:\u00a0<\/b>Polvo, el color puede variar de beige a blanco<\/p>\n<p><b>Almacenamiento<\/b><b>\u00a0y\u00a0<\/b><b>transporte:<\/b>Almacenar en condiciones de oscuridad, fresco y seco, mantener la distancia mayor de 5 m a los campos magn\u00e9ticos, el\u00e9ctricos y radiactivos, evitar la exposici\u00f3n m\u00e1s prolongada al ne\u00f3n y la luz directa del sol. Mantenga el envase protector cerrado despu\u00e9s de su uso. Max. temperatura de 90 \u00b0C.<\/p>\n<p>En recipiente cerrado puede durar hasta 3 a\u00f1os.<\/p>\n<p><b>Presentaciones:\u00a0<\/b>20 , 10, 3 y 1 kg<\/p>\n<p><b>Precauciones:<\/b>Mantener fuera del alcance de los ni\u00f1os. No inhalar. Evitar la formaci\u00f3n de polvo. Use guantes de seguridad.[\/vc_column_text][\/vc_column][\/vc_row]<\/p>\n","protected":false},"excerpt":{"rendered":"<p>[vc_row][vc_column][vc_column_text]Usos:Complemento alimenticio en la dieta animal Efectos:Crear un ambiente simbi\u00f3tico que promueva el crecimiento y \/ o actividad de la vida microbiana ben\u00e9fica en el&hellip;<\/p>\n<p><a href=\"https:\/\/bio2-agro.com\/es\/bio2-prebiotic\/\" class=\"more-link post-excerpt-readmore\"><span class=\"more-link-inner\">Read more<\/span><span class=\"more-link-brd\"><\/span><\/a><\/p>\n","protected":false},"author":1,"featured_media":0,"parent":0,"menu_order":0,"comment_status":"closed","ping_status":"closed","template":"","meta":{"_joinchat":[],"footnotes":""},"class_list":["post-2405","page","type-page","status-publish","hentry"],"_links":{"self":[{"href":"https:\/\/bio2-agro.com\/es\/wp-json\/wp\/v2\/pages\/2405","targetHints":{"allow":["GET"]}}],"collection":[{"href":"https:\/\/bio2-agro.com\/es\/wp-json\/wp\/v2\/pages"}],"about":[{"href":"https:\/\/bio2-agro.com\/es\/wp-json\/wp\/v2\/types\/page"}],"author":[{"embeddable":true,"href":"https:\/\/bio2-agro.com\/es\/wp-json\/wp\/v2\/users\/1"}],"replies":[{"embeddable":true,"href":"https:\/\/bio2-agro.com\/es\/wp-json\/wp\/v2\/comments?post=2405"}],"version-history":[{"count":3,"href":"https:\/\/bio2-agro.com\/es\/wp-json\/wp\/v2\/pages\/2405\/revisions"}],"predecessor-version":[{"id":2408,"href":"https:\/\/bio2-agro.com\/es\/wp-json\/wp\/v2\/pages\/2405\/revisions\/2408"}],"wp:attachment":[{"href":"https:\/\/bio2-agro.com\/es\/wp-json\/wp\/v2\/media?parent=2405"}],"curies":[{"name":"wp","href":"https:\/\/api.w.org\/{rel}","templated":true}]}}