{"id":2409,"date":"2017-08-27T12:55:12","date_gmt":"2017-08-27T18:55:12","guid":{"rendered":"http:\/\/www.bio2-agro.com\/demo\/es\/?page_id=2409"},"modified":"2017-08-27T12:55:12","modified_gmt":"2017-08-27T18:55:12","slug":"bio2-akua","status":"publish","type":"page","link":"https:\/\/bio2-agro.com\/es\/bio2-akua\/","title":{"rendered":"BiO2 Akua"},"content":{"rendered":"<p>[vc_row][vc_column][vc_column_text]<\/p>\n<h3><strong>INFORMACI\u00d3N DEL PRODUCTO.<\/strong><\/h3>\n<p><b>Usos<\/b><\/p>\n<p>\u2713 Producci\u00f3n acu\u00edcola<\/p>\n<p>\u2713 Peces de ornamento<\/p>\n<p>\u2713 Piscinas<\/p>\n<p>\u2713 Cuerpos de agua artificiales y naturales<\/p>\n<p><b>Dosis\u00a0<\/b>Con gusto asesoramos en base a las necesidades, estado actual del sistema y expectativas de nuestros clientes.<\/p>\n<p><b>Ingredientes:\u00a0<\/b>Carbonato de calcio puro y natural, activado mediante ox\u00edgeno.<\/p>\n<p>CaCO3 = 90%, Elementos traza 10% (K2SO4\/CaSO4\/KCl\/NaCl)<\/p>\n<p><b>Aspecto:\u00a0<\/b>Polvo, el color puede variar de beige a blanco<\/p>\n<p><b>Almacenamiento<\/b><b>\u00a0y\u00a0<\/b><b>transporte:\u00a0<\/b>Almacenar en condiciones de oscuridad, fresco y seco, mantener la distancia mayor de 5 m a los campos magn\u00e9ticos, el\u00e9ctricos y radiactivos, evitar la exposici\u00f3n m\u00e1s prolongada al ne\u00f3n y la luz del sol directa. Mantenga el envase protector cerrado despu\u00e9s de su uso. Max. temperatura de 90 \u00b0C.En recipiente cerrado puede durar hasta 3 a\u00f1os.<\/p>\n<p><b>Envasado:\u00a0<\/b>Kg<\/p>\n<p><b>Precauciones:\u00a0<\/b>Mantener fuera del alcance de los ni\u00f1os. No inhalar. Evitar la formaci\u00f3n de polvo. Use guantes de seguridad.[\/vc_column_text][\/vc_column][\/vc_row]<\/p>\n","protected":false},"excerpt":{"rendered":"<p>[vc_row][vc_column][vc_column_text] INFORMACI\u00d3N DEL PRODUCTO. Usos \u2713 Producci\u00f3n acu\u00edcola \u2713 Peces de ornamento \u2713 Piscinas \u2713 Cuerpos de agua artificiales y naturales Dosis\u00a0Con gusto asesoramos en&hellip;<\/p>\n<p><a href=\"https:\/\/bio2-agro.com\/es\/bio2-akua\/\" class=\"more-link post-excerpt-readmore\"><span class=\"more-link-inner\">Read more<\/span><span class=\"more-link-brd\"><\/span><\/a><\/p>\n","protected":false},"author":1,"featured_media":0,"parent":0,"menu_order":0,"comment_status":"closed","ping_status":"closed","template":"","meta":{"_joinchat":[],"footnotes":""},"class_list":["post-2409","page","type-page","status-publish","hentry"],"_links":{"self":[{"href":"https:\/\/bio2-agro.com\/es\/wp-json\/wp\/v2\/pages\/2409","targetHints":{"allow":["GET"]}}],"collection":[{"href":"https:\/\/bio2-agro.com\/es\/wp-json\/wp\/v2\/pages"}],"about":[{"href":"https:\/\/bio2-agro.com\/es\/wp-json\/wp\/v2\/types\/page"}],"author":[{"embeddable":true,"href":"https:\/\/bio2-agro.com\/es\/wp-json\/wp\/v2\/users\/1"}],"replies":[{"embeddable":true,"href":"https:\/\/bio2-agro.com\/es\/wp-json\/wp\/v2\/comments?post=2409"}],"version-history":[{"count":1,"href":"https:\/\/bio2-agro.com\/es\/wp-json\/wp\/v2\/pages\/2409\/revisions"}],"predecessor-version":[{"id":2410,"href":"https:\/\/bio2-agro.com\/es\/wp-json\/wp\/v2\/pages\/2409\/revisions\/2410"}],"wp:attachment":[{"href":"https:\/\/bio2-agro.com\/es\/wp-json\/wp\/v2\/media?parent=2409"}],"curies":[{"name":"wp","href":"https:\/\/api.w.org\/{rel}","templated":true}]}}