{"id":2417,"date":"2017-08-27T13:07:49","date_gmt":"2017-08-27T19:07:49","guid":{"rendered":"http:\/\/www.bio2-agro.com\/demo\/es\/?page_id=2417"},"modified":"2017-08-27T13:08:22","modified_gmt":"2017-08-27T19:08:22","slug":"tecnologia-bio2","status":"publish","type":"page","link":"https:\/\/bio2-agro.com\/es\/tecnologia-bio2\/","title":{"rendered":"Tecnolog\u00eda BiO2"},"content":{"rendered":"<p>[vc_row][vc_column][vc_column_text]<\/p>\n<h3 style=\"text-align: left;\"><b>BiO<\/b><b>2<\/b><b>\u2013 Tecnolog\u00eda de punta ecol\u00f3gica,\u00a0econ\u00f3mica\u00a0y rentable.<\/b><\/h3>\n<h5 style=\"text-align: left;\"><strong>\u00a1 BiO2 , indispensable apoyo a la transici\u00f3n de producci\u00f3n ecol\u00f3gica en el mundo ! \u00a0<\/strong><\/h5>\n<h5 style=\"text-align: left;\"><strong>\u00a1 BiO2\u00a0 hace posible la producci\u00f3n org\u00e1nica de alta rentabilidad !<\/strong><\/h5>\n<h3><b><img class=\"lazyload alignright wp-image-2418\" data-original=\"http:\/\/www.bio2-agro.com\/demo\/es\/wp-content\/uploads\/2017\/08\/O2.png\" alt=\"\" width=\"237\" height=\"312\" \/>La magia de la tecnolog\u00eda\u00a0<\/b><b>de BiO<\/b><b>2<\/b><\/h3>\n<p>Usamos como base elementos cristalinos, como el cuarzo, sulfato de magnesio o carbonato de calcio, para obtener un compuesto activador que es capaz de transmitir al agua de riego, informaci\u00f3n de los particulares efectos que deseamos en los cultivos.<\/p>\n<p>La informaci\u00f3n vital se transfiere a trav\u00e9s del agua. Las mol\u00e9culas del agua son bipolares, es decir, uno de los polos es positivo y el otro negativo, y su funcionamiento es similar a una cinta magn\u00e9tica, de modo que, la informaci\u00f3n vital queda registrada magn\u00e9ticamente en las mol\u00e9culas del agua.<\/p>\n<p>Cada informaci\u00f3n vital y cada materia tiene su vibraci\u00f3n, as\u00ed \u00a0dependiendo del uso de lo que necesiten los sistemas biol\u00f3gicos, nuestro acumulador de energ\u00eda genera un poderoso campo electromagn\u00e9tico que vibra con la frecuencia natural del \u00e1tomo de ox\u00edgeno. Logramos que los cristales integrados en\u00a0<b>BiO<\/b><b>2<\/b>, que introducimos en este campo de ultra alta vibraci\u00f3n, asimilen la informaci\u00f3n especifica de forma permanente y que una vez puesto en soluci\u00f3n la transmiten.<\/p>\n<p>Aplicada en la producci\u00f3n biol\u00f3gica, esta tecnolog\u00eda consigue que el crecimiento de los cultivos sea homog\u00e9neo como consecuencia de la uniformidad de las ondas de resonancia.<\/p>\n<p><b>BiO<\/b><b>2<\/b>\u00a0toma como fuente de informaci\u00f3n y modelo a seguir a la propia naturaleza que utiliza el Ox\u00edgeno para desarrollar la vida, limpiar el agua, la tierra y la atm\u00f3sfera mediante la transferencia de informaci\u00f3n vital contenida en sus cristales.<\/p>\n<h4><b>Los resultados:<\/b><\/h4>\n<p>Frutales crecen repletos de frutas, teniendo similares colores y tama\u00f1os (Si el crecimiento es desigual es porque las vibraciones son irregulares, por lo que se debe utilizar esta tecnolog\u00eda hasta que las vibraciones est\u00e9n sincronizada).<\/p>\n<p>Gracias al uso de la energ\u00eda en\u00a0<b>BiO<\/b><b>2<\/b>\u00a0se activan las bacterias y los microorganismos que revitalizan\u00a0 la tierra, y favorece las relaciones simbi\u00f3ticas de los sistemas biol\u00f3gicos, favoreciendo as\u00ed, la formaci\u00f3n de humus y otras sustancias ben\u00e9ficas para la producci\u00f3n ecol\u00f3gica.<\/p>\n<p><b>BiO<\/b><b>2<\/b>\u00a0transmite a la planta la informaci\u00f3n vital de c\u00f3mo funcionar con la menor cantidad de estr\u00e9s y la m\u00e1xima eficiencia, as\u00ed aumenta los rendimientos, mejora particularmente el crecimiento de las ra\u00edces, fortalece el sistema inmunitario de la planta, reduce el crecimiento de hongos.<\/p>\n<p>Borra, la informaci\u00f3n contenida en multitud de sustancias que contribuyen a la oxidaci\u00f3n medioambiental.<\/p>\n<p>Erradica la informaci\u00f3n contaminante grabada en el agua.<\/p>\n<p>La tecnolog\u00eda empleada en\u00a0<b>BiO<\/b><b>2<\/b>\u00a0es aplicada en la optimizaci\u00f3n de\u00a0 procesos biotecnol\u00f3gicos, de modo que, cuanto m\u00e1s se aplica la tecnolog\u00eda, el refuerzo de las ondas vibraciones informadas ser\u00e1 mayor. La evoluci\u00f3n de este proceso provocar\u00e1 una mejora notable del entorno, de ah\u00ed que sus propiedades ofrezcan \u00a0aplicarse en m\u00faltiples \u00e1mbitos, como el tratamiento y purificaci\u00f3n del agua, medio ambiente, agricultura, ganader\u00eda, procesos industriales, etc<\/p>\n<p><b><i>La tecnolog\u00eda BiO<\/i><\/b><b><i>2<\/i><\/b><b><i>\u00a0Formulaci\u00f3n\u00a0<\/i><\/b><b><i>de\u00a0<\/i><\/b><b><i>calidad, le asegura\u00a0<\/i><\/b><b><i>emplearlo en los m\u00e1s estrictos sistemas de producci\u00f3n\u00a0<\/i><\/b><b><i>org\u00e1nica.<\/i><\/b><\/p>\n<p><b><i>Se\u00a0<\/i><\/b><b><i>declara\u00a0que el\u00a0<\/i><\/b><b><i>producto puede\u00a0<\/i><\/b><b><i>ser comercializado y vendido en la Comunidad Europea y tiene el permiso de ser\u00a0 exportado<\/i><\/b><b><i>.<\/i><\/b>[\/vc_column_text][\/vc_column][\/vc_row]<\/p>\n","protected":false},"excerpt":{"rendered":"<p>[vc_row][vc_column][vc_column_text] BiO2\u2013 Tecnolog\u00eda de punta ecol\u00f3gica,\u00a0econ\u00f3mica\u00a0y rentable. \u00a1 BiO2 , indispensable apoyo a la transici\u00f3n de producci\u00f3n ecol\u00f3gica en el mundo ! \u00a0 \u00a1 BiO2\u00a0&hellip;<\/p>\n<p><a href=\"https:\/\/bio2-agro.com\/es\/tecnologia-bio2\/\" class=\"more-link post-excerpt-readmore\"><span class=\"more-link-inner\">Read more<\/span><span class=\"more-link-brd\"><\/span><\/a><\/p>\n","protected":false},"author":1,"featured_media":0,"parent":0,"menu_order":0,"comment_status":"closed","ping_status":"closed","template":"","meta":{"_joinchat":[],"footnotes":""},"class_list":["post-2417","page","type-page","status-publish","hentry"],"_links":{"self":[{"href":"https:\/\/bio2-agro.com\/es\/wp-json\/wp\/v2\/pages\/2417","targetHints":{"allow":["GET"]}}],"collection":[{"href":"https:\/\/bio2-agro.com\/es\/wp-json\/wp\/v2\/pages"}],"about":[{"href":"https:\/\/bio2-agro.com\/es\/wp-json\/wp\/v2\/types\/page"}],"author":[{"embeddable":true,"href":"https:\/\/bio2-agro.com\/es\/wp-json\/wp\/v2\/users\/1"}],"replies":[{"embeddable":true,"href":"https:\/\/bio2-agro.com\/es\/wp-json\/wp\/v2\/comments?post=2417"}],"version-history":[{"count":2,"href":"https:\/\/bio2-agro.com\/es\/wp-json\/wp\/v2\/pages\/2417\/revisions"}],"predecessor-version":[{"id":2420,"href":"https:\/\/bio2-agro.com\/es\/wp-json\/wp\/v2\/pages\/2417\/revisions\/2420"}],"wp:attachment":[{"href":"https:\/\/bio2-agro.com\/es\/wp-json\/wp\/v2\/media?parent=2417"}],"curies":[{"name":"wp","href":"https:\/\/api.w.org\/{rel}","templated":true}]}}