{"id":2421,"date":"2017-08-27T13:12:41","date_gmt":"2017-08-27T19:12:41","guid":{"rendered":"http:\/\/www.bio2-agro.com\/demo\/es\/?page_id=2421"},"modified":"2017-08-27T13:12:41","modified_gmt":"2017-08-27T19:12:41","slug":"quienes-somos","status":"publish","type":"page","link":"https:\/\/bio2-agro.com\/es\/quienes-somos\/","title":{"rendered":"Qui\u00e9nes Somos"},"content":{"rendered":"<p>[vc_row][vc_column][vc_column_text]Somos<strong>\u00a0<\/strong>un grupo comprometido con el desarrollo sostenible del campo y de la industria de producci\u00f3n biotecnol\u00f3gica. \u00a0Suministramos,\u00a0fabricamos y desarrollamos soluciones en aditivos ecol\u00f3gicos y naturales.<\/p>\n<p>En BiO<span class=\"Estilo1\">2<\/span>\u00a0Ofrecemos\u00a0<strong><a title=\"Tecnolog\u00eda BiO&lt;span class=\">tecnolog\u00eda alemana de \u00faltima generaci\u00f3n<\/a>,<\/strong>\u00a0soluciones altamente rentables, para optimizaci\u00f3n de:<\/p>\n<ul>\n<li>Producci\u00f3n Agr\u00edcola<\/li>\n<li>Composta y generaci\u00f3n de humus<\/li>\n<li>Producci\u00f3n Acu\u00edcola<\/li>\n<li>Biorremediaci\u00f3n<\/li>\n<li>Campos de Golf y Jardiner\u00eda<\/li>\n<\/ul>\n<p><strong><img class=\"lazyload alignright wp-image-2422 \" data-original=\"http:\/\/www.bio2-agro.com\/demo\/es\/wp-content\/uploads\/2017\/08\/Quienes-Somos-1024x566-1024x566.png\" alt=\"\" width=\"499\" height=\"331\" \/>El equipo que somos en BiO<span class=\"Estilo1\">2<\/span>, promovemos la agricultura productiva y ecol\u00f3gica.\u00a0<\/strong><strong>BiO<span class=\"Estilo1\">2<\/span>\u00a0es innovaci\u00f3n, Know-how, Investigaci\u00f3n y Desarrollo<\/strong><\/p>\n<p>En BiO<span class=\"Estilo1\">2<\/span>\u00a0vemos el futuro con optimismo, una am\u00e9rica latina de grandes oportunidades, donde seguiremos trabajando para satisfacer las principales necesidades que a nuestro campo de actividad de alcance.<\/p>\n<p>Nos encontramos en una nueva etapa, en donde la responsabilidad ambiental es un modelo de negocio afianzado en nuestros valores, principios y objetivos comerciales, etapa en la que es fundamental unir esfuerzos y trabajar juntos para alcanzar el \u00e9xito. Cada d\u00eda buscamos innovar, lograr resultados responsablemente.<\/p>\n<p>BiO<span class=\"Estilo1\">2<\/span>\u00a0cuenta con colegas y socios comerciales alrededor del mundo, todos con alto sentido de la responsabilidad ambiental regional y global. Latinoam\u00e9rica forma parte de la Unidad de Negocios de Mercados Emergentes, la cual representa un mercado estrat\u00e9gico para nuestro grupo por su proyecci\u00f3n de crecimiento productivo y despertar acelerado de una profunda conciencia ambientalista.<\/p>\n<h4><b>Nuestra Misi\u00f3n<\/b><\/h4>\n<p>Ofrecer soluciones biotecnol\u00f3gicas de alta calidad, sencillas, inteligentes y sustentables; asesoramiento y servicios especializados que impulsen la calidad y altos rendimientos de la producci\u00f3n org\u00e1nica y convencional, para aumentar cantidades de cosechas de alta calidad y mejorar suelos degradados.<\/p>\n<h4><b>Nuestra Visi\u00f3n<\/b><\/h4>\n<p>Ser l\u00edderes en soluciones innovadoras y sustentables con productos y servicios para la agricultura org\u00e1nica y convencional, con tecnolog\u00eda de vanguardia, cumpliendo est\u00e1ndares de calidad internacionales.[\/vc_column_text][\/vc_column][\/vc_row]<\/p>\n","protected":false},"excerpt":{"rendered":"<p>[vc_row][vc_column][vc_column_text]Somos\u00a0un grupo comprometido con el desarrollo sostenible del campo y de la industria de producci\u00f3n biotecnol\u00f3gica. \u00a0Suministramos,\u00a0fabricamos y desarrollamos soluciones en aditivos ecol\u00f3gicos y naturales.&hellip;<\/p>\n<p><a href=\"https:\/\/bio2-agro.com\/es\/quienes-somos\/\" class=\"more-link post-excerpt-readmore\"><span class=\"more-link-inner\">Read more<\/span><span class=\"more-link-brd\"><\/span><\/a><\/p>\n","protected":false},"author":1,"featured_media":0,"parent":0,"menu_order":0,"comment_status":"closed","ping_status":"closed","template":"","meta":{"_joinchat":[],"footnotes":""},"class_list":["post-2421","page","type-page","status-publish","hentry"],"_links":{"self":[{"href":"https:\/\/bio2-agro.com\/es\/wp-json\/wp\/v2\/pages\/2421","targetHints":{"allow":["GET"]}}],"collection":[{"href":"https:\/\/bio2-agro.com\/es\/wp-json\/wp\/v2\/pages"}],"about":[{"href":"https:\/\/bio2-agro.com\/es\/wp-json\/wp\/v2\/types\/page"}],"author":[{"embeddable":true,"href":"https:\/\/bio2-agro.com\/es\/wp-json\/wp\/v2\/users\/1"}],"replies":[{"embeddable":true,"href":"https:\/\/bio2-agro.com\/es\/wp-json\/wp\/v2\/comments?post=2421"}],"version-history":[{"count":1,"href":"https:\/\/bio2-agro.com\/es\/wp-json\/wp\/v2\/pages\/2421\/revisions"}],"predecessor-version":[{"id":2423,"href":"https:\/\/bio2-agro.com\/es\/wp-json\/wp\/v2\/pages\/2421\/revisions\/2423"}],"wp:attachment":[{"href":"https:\/\/bio2-agro.com\/es\/wp-json\/wp\/v2\/media?parent=2421"}],"curies":[{"name":"wp","href":"https:\/\/api.w.org\/{rel}","templated":true}]}}