{"id":2424,"date":"2017-08-27T13:15:52","date_gmt":"2017-08-27T19:15:52","guid":{"rendered":"http:\/\/www.bio2-agro.com\/demo\/es\/?page_id=2424"},"modified":"2017-08-27T13:33:50","modified_gmt":"2017-08-27T19:33:50","slug":"alianzas-estrategicas","status":"publish","type":"page","link":"https:\/\/bio2-agro.com\/es\/alianzas-estrategicas\/","title":{"rendered":"Alianzas Estrat\u00e9gicas"},"content":{"rendered":"<p>[vc_row][vc_column width=&#8221;2\/3&#8243;][vc_column_text]<img class=\"lazyload alignright size-medium wp-image-2427\" data-original=\"http:\/\/www.bio2-agro.com\/demo\/es\/wp-content\/uploads\/2017\/08\/plantita_mano_bio2-300x288.png\" alt=\"\" width=\"300\" height=\"288\" \/>Las relaciones con los stakeholders , as\u00ed como, con las distintas organizaciones y\/o gremios de sectores agropecuario y ambiental, forman parte de nuestra pol\u00edtica y se basan en el convencimiento del di\u00e1logo con nuestro entorno\u00a0<strong>potencial, ya que es el aprendizaje<\/strong>\u00a0y el\u00a0<strong>intercambio de experiencias<\/strong>\u00a0las que permiten a nuestra compa\u00f1\u00eda generar una relaci\u00f3n integral con nuestro ambiente y ser una organizaci\u00f3n sustentable..<\/p>\n<p>Es por ello que<strong>\u00a0BiO<span class=\"Estilo1\">2<\/span>\u00a0desarrolla nuevas alianzas comerciales\u00a0<\/strong>para\u00a0nuestra \u00e1rea de atenci\u00f3n al cliente final, buscamos los mejores representantes, empresas l\u00edderes en el mercado que integren a nuestras soluciones globales, garantizando as\u00ed el cumplimiento de las normas y el lanzamiento al mercado de nuestros productos, de forma eficaz y con reducidos tiempos de respuesta al cliente.<\/p>\n<h3><\/h3>\n<h3><strong>Conoce nuestras oportunidades de negocio con BiO<span class=\"Estilo1\">2<\/span>\u2026<\/strong>\u00a0m\u00e1s informaci\u00f3n<\/h3>\n<p>[\/vc_column_text][\/vc_column][vc_column width=&#8221;1\/3&#8243;][vc_column_text]<\/p>\n<aside id=\"text-2\" class=\"widget widget_text\">\n<h3 class=\"widget-title\">Cont\u00e1ctenos<\/h3>\n<div class=\"textwidget\">\n<p>Email: info@bio2-agro.com<\/p>\n<\/div>\n<\/aside>\n<aside id=\"text-3\" class=\"widget widget_text\">\n<h3 class=\"widget-title\">Aplicaciones ecol\u00f3gica, econ\u00f3micas y rentables.<\/h3>\n<div class=\"textwidget\">La baja dosis que va desde 1 kg por hect\u00e1rea de BiO2 Vital es efectiva, sencilla, practica y econ\u00f3mica.<\/div>\n<\/aside>\n<p>[\/vc_column_text][\/vc_column][\/vc_row]<\/p>\n","protected":false},"excerpt":{"rendered":"<p>[vc_row][vc_column width=&#8221;2\/3&#8243;][vc_column_text]Las relaciones con los stakeholders , as\u00ed como, con las distintas organizaciones y\/o gremios de sectores agropecuario y ambiental, forman parte de nuestra pol\u00edtica&hellip;<\/p>\n<p><a href=\"https:\/\/bio2-agro.com\/es\/alianzas-estrategicas\/\" class=\"more-link post-excerpt-readmore\"><span class=\"more-link-inner\">Read more<\/span><span class=\"more-link-brd\"><\/span><\/a><\/p>\n","protected":false},"author":1,"featured_media":0,"parent":0,"menu_order":0,"comment_status":"closed","ping_status":"closed","template":"","meta":{"_joinchat":[],"footnotes":""},"class_list":["post-2424","page","type-page","status-publish","hentry"],"_links":{"self":[{"href":"https:\/\/bio2-agro.com\/es\/wp-json\/wp\/v2\/pages\/2424","targetHints":{"allow":["GET"]}}],"collection":[{"href":"https:\/\/bio2-agro.com\/es\/wp-json\/wp\/v2\/pages"}],"about":[{"href":"https:\/\/bio2-agro.com\/es\/wp-json\/wp\/v2\/types\/page"}],"author":[{"embeddable":true,"href":"https:\/\/bio2-agro.com\/es\/wp-json\/wp\/v2\/users\/1"}],"replies":[{"embeddable":true,"href":"https:\/\/bio2-agro.com\/es\/wp-json\/wp\/v2\/comments?post=2424"}],"version-history":[{"count":5,"href":"https:\/\/bio2-agro.com\/es\/wp-json\/wp\/v2\/pages\/2424\/revisions"}],"predecessor-version":[{"id":2430,"href":"https:\/\/bio2-agro.com\/es\/wp-json\/wp\/v2\/pages\/2424\/revisions\/2430"}],"wp:attachment":[{"href":"https:\/\/bio2-agro.com\/es\/wp-json\/wp\/v2\/media?parent=2424"}],"curies":[{"name":"wp","href":"https:\/\/api.w.org\/{rel}","templated":true}]}}