{"id":2431,"date":"2017-08-27T13:45:18","date_gmt":"2017-08-27T19:45:18","guid":{"rendered":"http:\/\/www.bio2-agro.com\/demo\/es\/?page_id=2431"},"modified":"2017-08-27T13:45:18","modified_gmt":"2017-08-27T19:45:18","slug":"oportunidad-de-negocio","status":"publish","type":"page","link":"https:\/\/bio2-agro.com\/es\/oportunidad-de-negocio\/","title":{"rendered":"Oportunidad de Negocio"},"content":{"rendered":"<p>[vc_row][vc_column][vc_column_text]<\/p>\n<h3>Ofrecemos diferentes opciones de negocio.<\/h3>\n<h4><b>I. Asociado\u00a0<\/b><b><\/b><b>Representante:<\/b><\/h4>\n<p>Vende nuestras soluciones y productos con excelente margen de ganancia.<\/p>\n<h4><b>II. Agroindustria\u00a0<\/b><b>Uso mayorista:<\/b><\/h4>\n<p>Si eres contratista, incrementa tus ganancias, empleando y ofreciendo BiO2. Optimiza tus servicios integrando nuestro producto a tus ofertas.<\/p>\n<h4><b>III. Materia<\/b><b>\u00a0prima de\u00a0<\/b><b>valor agregado:<\/b><\/h4>\n<p>Si ya tienes un producto que formulas, f\u00e1bricas o re-envasado, puedes usar BiO2 como materia prima inerte que da valor agregado a tu producto.<\/p>\n<h4><b>IV. Marcas blancas:<\/b><\/h4>\n<p>Podemos desarrollar productos de marca blanca: ponemos su etiqueta o marca a nuestros productos, lo cual le da un valor agregado a su empresa.<\/p>\n<hr \/>\n<h3>Nuestro Mercado<b><br \/>\n<\/b><\/h3>\n<p><b>Producci\u00f3n org\u00e1nica o convencional interesada en optimizar\u00a0<\/b><b>recursos en los sectores:<\/b><\/p>\n<ul>\n<li>BiO2 da resultados<\/li>\n<li>Econ\u00f3mico<\/li>\n<li>Novedoso<\/li>\n<li>Aplicable a todos los sistemas<\/li>\n<li>Dosis peque\u00f1as<\/li>\n<li>Org\u00e1nico<\/li>\n<li>Efecto progresivo y sustentable<\/li>\n<li>Larga vida de almac\u00e9n<\/li>\n<li>M\u00faltiples aplicaciones<\/li>\n<\/ul>\n<h3><b><span lang=\"ES\">\u00bfPorque ser asociado\/representante BiO<sub>2<\/sub>?<\/span><\/b><\/h3>\n<h4>Por nuestro producto<\/h4>\n<ul>\n<li>BiO2\u00a0da resultados<\/li>\n<li>Econ\u00f3mico<\/li>\n<li>Novedoso<\/li>\n<li>Aplicable a todos los cultivos<\/li>\n<li>Dosis peque\u00f1as<\/li>\n<li>Org\u00e1nico<\/li>\n<li>Efecto progresivo<\/li>\n<li>Autosustentable<\/li>\n<li>Larga vida de almac\u00e9n<\/li>\n<li>M\u00faltiples aplicaciones<\/li>\n<li>Vers\u00e1til y Pr\u00e1ctico<\/li>\n<\/ul>\n<p><strong>Por nuestras facilidades<\/strong><\/p>\n<ul>\n<li>Descuentos a representantes desde el 30%<\/li>\n<li>Facilidades de pago<\/li>\n<li>Facilidades para un Stock<\/li>\n<li>Peque\u00f1a inversi\u00f3n<\/li>\n<li>Producto para prueba<\/li>\n<li>Se integra a la cartera de cualquier l\u00ednea agr\u00edcola, acu\u00edcola o jardinera.<\/li>\n<li>Programa de Recompensas<\/li>\n<li>Capacitaci\u00f3n de nuestra tecnolog\u00eda.<\/li>\n<li>Asistencia t\u00e9cnica<\/li>\n<li>Amplio material informativo.<\/li>\n<li>Suficiente informaci\u00f3n y material de apoyo<\/li>\n<li>Apoyo para parcelas demostrativas.<\/li>\n<\/ul>\n<p><strong>Por nuestro respaldo<\/strong><\/p>\n<ul>\n<li>Tecnolog\u00eda y calidad Alemana.<\/li>\n<li>Apoyo personalizado y local.<\/li>\n<li>Respaldado de HydrO2 GmbH, una empresa l\u00edder en el sector medioambiental e industrial.<\/li>\n<li>Aplicaciones en diferentes sectores.<\/li>\n<li>Experiencia desde hace 20 a\u00f1os con esta tecnolog\u00eda.<\/li>\n<li>Numerosas aplicaciones<\/li>\n<li>Experiencia en m\u00faltiples cultivos, ambientes y pr\u00e1cticas culturales.<\/li>\n<li>Nos interesa el medio ambiente<\/li>\n<li>Creemos en el Ganar-Ganar.<\/li>\n<li>Nos interesa una relaci\u00f3n a largo plazo con nuestros asociados.<\/li>\n<\/ul>\n<h3><b>\u00bfQue pueden esperar nuestros representantes\/asociados?<\/b><b><br \/>\n<\/b><\/h3>\n<ul>\n<li>Equipo de trabajo donde prospera econom\u00eda, mientras cuidamos del medio ambiente.<\/li>\n<li>Relaci\u00f3n comercial a largo plazo, fundamentada en confianza.<\/li>\n<li>Objetivos comerciales altamente rentables.<\/li>\n<\/ul>\n<p>[\/vc_column_text][\/vc_column][\/vc_row]<\/p>\n","protected":false},"excerpt":{"rendered":"<p>[vc_row][vc_column][vc_column_text] Ofrecemos diferentes opciones de negocio. I. Asociado\u00a0Representante: Vende nuestras soluciones y productos con excelente margen de ganancia. II. Agroindustria\u00a0Uso mayorista: Si eres contratista, incrementa&hellip;<\/p>\n<p><a href=\"https:\/\/bio2-agro.com\/es\/oportunidad-de-negocio\/\" class=\"more-link post-excerpt-readmore\"><span class=\"more-link-inner\">Read more<\/span><span class=\"more-link-brd\"><\/span><\/a><\/p>\n","protected":false},"author":1,"featured_media":0,"parent":0,"menu_order":0,"comment_status":"closed","ping_status":"closed","template":"","meta":{"_joinchat":[],"footnotes":""},"class_list":["post-2431","page","type-page","status-publish","hentry"],"_links":{"self":[{"href":"https:\/\/bio2-agro.com\/es\/wp-json\/wp\/v2\/pages\/2431","targetHints":{"allow":["GET"]}}],"collection":[{"href":"https:\/\/bio2-agro.com\/es\/wp-json\/wp\/v2\/pages"}],"about":[{"href":"https:\/\/bio2-agro.com\/es\/wp-json\/wp\/v2\/types\/page"}],"author":[{"embeddable":true,"href":"https:\/\/bio2-agro.com\/es\/wp-json\/wp\/v2\/users\/1"}],"replies":[{"embeddable":true,"href":"https:\/\/bio2-agro.com\/es\/wp-json\/wp\/v2\/comments?post=2431"}],"version-history":[{"count":1,"href":"https:\/\/bio2-agro.com\/es\/wp-json\/wp\/v2\/pages\/2431\/revisions"}],"predecessor-version":[{"id":2432,"href":"https:\/\/bio2-agro.com\/es\/wp-json\/wp\/v2\/pages\/2431\/revisions\/2432"}],"wp:attachment":[{"href":"https:\/\/bio2-agro.com\/es\/wp-json\/wp\/v2\/media?parent=2431"}],"curies":[{"name":"wp","href":"https:\/\/api.w.org\/{rel}","templated":true}]}}