{"id":2433,"date":"2017-08-27T13:52:50","date_gmt":"2017-08-27T19:52:50","guid":{"rendered":"http:\/\/www.bio2-agro.com\/demo\/es\/?page_id=2433"},"modified":"2017-08-27T13:52:50","modified_gmt":"2017-08-27T19:52:50","slug":"preguntas-frecuentes","status":"publish","type":"page","link":"https:\/\/bio2-agro.com\/es\/preguntas-frecuentes\/","title":{"rendered":"Preguntas Frecuentes"},"content":{"rendered":"<p>[vc_row][vc_column][vc_column_text]<strong>\u00bfQue es BiO<span class=\"Estilo1\">2<\/span>?<\/strong><\/p>\n<ul>\n<li>Todos nuestros productos son aditivos naturales de tecnolog\u00eda avanzada, que facilitan la optimizaci\u00f3n de sistemas biol\u00f3gicos, aumentando la rentabilidad de los bio-procesos.<\/li>\n<li>Los aditivos BiO<span class=\"Estilo1\">2<\/span>\u00a0son un apoyo que favorece el incremento del potencial de los recursos y mejora los productos resultantes.<\/li>\n<li>Son promotores de producir mas con menos de forma f\u00e1cil y ecol\u00f3gica.<\/li>\n<li>Es un producto funcional como apoyo<\/li>\n<li>Es mas que la materia prima de la ficha t\u00e9cnica<\/li>\n<li>Es tecnolog\u00eda positiva, de f\u00e1cil empleo y grandes resultados<\/li>\n<\/ul>\n<p><strong>\u00bfQue no es BiO<span class=\"Estilo1\">2<\/span>?<\/strong><\/p>\n<ul>\n<li>No es nutrici\u00f3n b\u00e1sica para los cultivos<\/li>\n<li>No son sustitutos de los recursos<\/li>\n<li>No es un producto m\u00e1gico por si solo<\/li>\n<li>No es un producto expr\u00e9s<\/li>\n<li>No es un biosida<\/li>\n<li>No es medicamento para da\u00f1os extremos<\/li>\n<li>No sustituye una adecuada alimentaci\u00f3n<\/li>\n<li>No suple las buenas practicas de manejo<\/li>\n<li>No es un producto milagroso que act\u00faa por si solo<\/li>\n<li>No es material radioactivo, no incluye OGM<\/li>\n<\/ul>\n<p><strong>\u00bfCual es la diferencia entre los productos BiO<span class=\"Estilo1\">2<\/span>\u00a0y BiO<span class=\"Estilo1\">2<\/span>\u00a0PLUS?<\/strong><\/p>\n<p>Los productos BiO<span class=\"Estilo1\">2<\/span>\u00a0Plus es el producto BiO<span class=\"Estilo1\">2<\/span>\u00a0m\u00e1s microorganismos eficaces. cultivados naturalmente, junto con enzimas, emulsionantes, nutrientes, catalizador, estimulantes, hongos y levaduras.<\/p>\n<p><strong>\u00bfQue tipo de microorganismo tienen los produtos BiO<span class=\"Estilo1\">2<\/span>\u00a0de la l\u00ednea PLUS?<\/strong><\/p>\n<p>Bacillus subtilis, Bacillus lichenformis, Bacillus megaterium, Bacillus amyloliguefaciens, Pseudonomas putida, Pseudonomas fluorescent, Saccharomyces cereviseae and Aspergillus orizae.<\/p>\n<p><strong>\u00bfComo actua el Bacillus subtilis?<\/strong><\/p>\n<p>Bacillus subtilis,posee una habilidad especial para colonizar las ra\u00edces de las plantas, no\u00a0dejando nicho ecol\u00f3gico a otros hongos pat\u00f3genos que intenten infectar la ra\u00edz.\u00a0Bacillus subtilis, act\u00faa como bioestimulante del crecimiento radicular, pues promueve un<br \/>\ndesarrollo de ra\u00edces m\u00e1s fuertes y sanas debido a la secreci\u00f3n de fitohormonas, lo que permite,\u00a0debido al incremento de masa radicular, una mejor asimilaci\u00f3n de nutrientes y toma de humedad<br \/>\npor la planta.<\/p>\n<p><strong>\u00bfLos productos BiO<span class=\"Estilo1\">2<\/span>\u00a0tienen alguna contra indicaci\u00f3n?<\/strong><\/p>\n<p>Los productos BiO<span class=\"Estilo1\">2<\/span>\u00a0Vital, prohumus y Akua se puede combinar con fertilizantes minerales, productos qu\u00edmicos y fitosanitarios de todo tipo y en todo el rango de pH.<\/p>\n<p>Sin embargo, los productos d la l\u00ednea PLUS no deben mezclarse con bactericidas o cobres, pero si lo puede usar con,insecticidas o abonos foliares.<\/p>\n<p><strong>\u00bfCual es tiempo de vida de anaquel de los productos BiO<span class=\"Estilo1\">2<\/span>?<\/strong><\/p>\n<p>2 a\u00f1os en su embase original.<\/p>\n<p><strong>\u00bfLos productos BiO<span class=\"Estilo1\">2<\/span>, son toxicos?<\/strong><\/p>\n<p>No, es un producto totalmente inofencivo para animales, plantas y humanos. No es material radioactivo, no incluye OGM.<\/p>\n<p><strong>\u00bfCual es la dosis minima recomendada en la agricultura?<\/strong><\/p>\n<p>En el caso de BiO<span class=\"Estilo1\">2<\/span>\u00a0Vital: 1 Kg | En el caso de BiO<span class=\"Estilo1\">2<\/span>\u00a0Vital PLUS: 1.5 Kg<\/p>\n<p>Para mayores efectos, se recomienda una combinaci\u00f3n de nuestros productos BiO<span class=\"Estilo1\">2<\/span>\u00a0Prohumus y BiO<span class=\"Estilo1\">2<\/span>\u00a0Vital. Para una mejor aplicaci\u00f3n y desempa\u00f1o de nuestro producto, por favor contactar a nuestros representantes y asesores, quienes le apoyaran y asesoraran en la aplicaci\u00f3n m\u00e1s adecuada a su cultivo.<\/p>\n<p><strong>\u00bfQue debo hacer, si quiero vender los productos BiO<span class=\"Estilo1\">2<\/span>?<\/strong><\/p>\n<address>Consulta nuestra informaci\u00f3n en:\u00a0<a href=\"https:\/\/bio2-agro.com\/es\/oportunidad-de-negocio\/\">https:\/\/bio2-agro.com\/es\/oportunidad-de-negocio<\/a><a href=\"https:\/\/bio2-agro.com\/es\/oportunidad-de-negocio\/\">\/<\/a><\/address>\n<address>Para mas informaci\u00f3n env\u00edanos un correo a:\u00a0<a href=\"mailto:ventascorporativas@bio2-agro.com\">ventascorporativas@bio2-agro.com<\/a><\/address>\n<address>\n<h1 class=\"entry-title \">Preguntas Frecuentes BiO2 en Cultivos<\/h1>\n<p><strong>\u00bfEst\u00e1n certificados los productos BiO2<\/strong>?<\/p>\n<p>Esta en marcha los tr\u00e1mites del OMRI.<\/p>\n<p><strong>\u00bfC\u00f3mo saber la dosis \u00f3ptima\u00a0de BiO2 Vital?<\/strong><\/p>\n<p>La gran mayor\u00eda de los casos, con una aplicaci\u00f3n de BiO2 Vital de 1 kg usted puede observar su cultivo m\u00e1s vigoroso. Sin embargo en cultivos intensivos, suele requerirse dosis extras.<\/p>\n<p><strong>\u00bfSe tiene dosis de BiO2 Vital, establecidas por cultivos?<\/strong><\/p>\n<p>S\u00ed, tenemos recomendaciones de BiO2 Vital especiales para cultivos en agricultura intensiva, sin embrago la recordaci\u00f3n general es hacer la primera aplicaci\u00f3n en cultivos de baja fertilizaci\u00f3n y segunda aplicaci\u00f3n o m\u00e1s, en cultivos de fertilizaci\u00f3n continua.<\/p>\n<p><strong>\u00bfEn cu\u00e1nto tiempo veo resultados de BiO2 Vital?<\/strong><\/p>\n<p>Al ser BiO2 Vital un producto natural, no tiene un efecto explosivo, es decir el progreso progresivo, sin embargo en un promedio de 20 a 30 d\u00edas, vera usted el cultivo m\u00e1s vigoroso.<\/p>\n<p><strong>\u00bfQu\u00e9 observare en mi cultivo al aplicar BiO2 Vital?<\/strong><\/p>\n<p>Apoyando los cultivos con BiO2 Vital, usted observara mejor desarrollo de la planta, etapa por etapa, mejor sistema radicular, mejor y mayor floraci\u00f3n, a si como mayor rendimiento de cosecha.<br \/>\nCon BiO2 Vital<\/p>\n<p><strong>\u00bfQu\u00e9 beneficios obtendr\u00e9 a corto y largo plazo?<\/strong><\/p>\n<p>Los efectos BiO2 Vital a corto plazo menores costos en fertilizantes y a largo plazo una mayor utilidad.<\/p>\n<p><strong>\u00bf BiO2 Vital se pueden mezclar con productos fitosanitarios?<\/strong><\/p>\n<p>Si, BiO2 Vital, prohumus y Akua no tienen ning\u00fan problema al mezclarlo.<\/p>\n<p><strong>\u00bfPor qu\u00e9 recomienda aplicar BiO2 Vital hasta la 3-6 hoja, verdadera?<\/strong><\/p>\n<p>Porque es cuando el sistema radicular ya posee un buen tama\u00f1o que permite que BiO2 Vital apoye en el mejor aprovechamiento de cualquier producto.<\/p>\n<p><strong>\u00bfPuedo aplicar BiO2 Vital antes de plantar?<\/strong><\/p>\n<p>De preferencia no. BiO2 Vital es mejor una vez que ha sido establecido el cultivo. Sin embargo en cultivos como papa y cereales es posible la aplicaci\u00f3n recubriendo la semilla, siempre y cuando no se retire el producto sanitario que recubre la semilla.<\/p>\n<p><strong>\u00bfPorque los tiempos entre aplicaciones de BiO2 Vital?<\/strong><\/p>\n<p>Porque lo que se busca con BiO2 Vital es apoyar los inicios de cada etapa fenol\u00f3gica.<\/p>\n<p><strong>\u00bfCu\u00e1l es la mejor forma de dosificaci\u00f3n BiO2 Vital, entre riego localizado, a drech o foliar?<\/strong><\/p>\n<p>BiO2 Vital se puede aplicar perfectamente mediante el riego cotidiano del cultivo. La dosificaci\u00f3n de BiO2 Vital es mejor aprovechada a Drech, ya que esta forma permite inyectar directamente al sistema radicular, de forma mayor concentrada, es decir, no tan diluida.<br \/>\n<strong>\u00bfPuedo aplicarlo BiO2 Vital s\u00f3lo o tambi\u00e9n combinado?<\/strong><\/p>\n<p>BiO2 puede ser aplicado solo o acompa\u00f1ado con todo tipo de productos, ya sea fitosanitario, microbiano, nutritivo, etc.<\/p>\n<p><strong>\u00bfQu\u00e9 sucede s\u00ed por alguna falla del sistema de riego me extiendo 2-3 d\u00edas m\u00e1s de la fecha de aplicaci\u00f3n programada del BiO2 Vital?<\/strong><\/p>\n<p>Nada adverso, se puede aplicar 2-3 d\u00edas antes o despu\u00e9s. Ya un mayor n\u00famero de d\u00edas puede atrasar los desarrollos adecuados de las etapas fenol\u00f3gicas.<\/p>\n<p><strong>\u00bfDado que el predio es rentado, de qu\u00e9 manera debo aplicar s\u00f3lo lo necesario de BiO2 Vital para este ciclo?<\/strong><\/p>\n<p>La aplicaci\u00f3n es la misma, pues BiO2 no solo act\u00faa en el suelo, sus efectos son apreciables en las plantas.<\/p>\n<\/address>\n<p>[\/vc_column_text][\/vc_column][\/vc_row]<\/p>\n","protected":false},"excerpt":{"rendered":"<p>[vc_row][vc_column][vc_column_text]\u00bfQue es BiO2? Todos nuestros productos son aditivos naturales de tecnolog\u00eda avanzada, que facilitan la optimizaci\u00f3n de sistemas biol\u00f3gicos, aumentando la rentabilidad de los bio-procesos.&hellip;<\/p>\n<p><a href=\"https:\/\/bio2-agro.com\/es\/preguntas-frecuentes\/\" class=\"more-link post-excerpt-readmore\"><span class=\"more-link-inner\">Read more<\/span><span class=\"more-link-brd\"><\/span><\/a><\/p>\n","protected":false},"author":1,"featured_media":0,"parent":0,"menu_order":0,"comment_status":"closed","ping_status":"closed","template":"","meta":{"_joinchat":[],"footnotes":""},"class_list":["post-2433","page","type-page","status-publish","hentry"],"_links":{"self":[{"href":"https:\/\/bio2-agro.com\/es\/wp-json\/wp\/v2\/pages\/2433","targetHints":{"allow":["GET"]}}],"collection":[{"href":"https:\/\/bio2-agro.com\/es\/wp-json\/wp\/v2\/pages"}],"about":[{"href":"https:\/\/bio2-agro.com\/es\/wp-json\/wp\/v2\/types\/page"}],"author":[{"embeddable":true,"href":"https:\/\/bio2-agro.com\/es\/wp-json\/wp\/v2\/users\/1"}],"replies":[{"embeddable":true,"href":"https:\/\/bio2-agro.com\/es\/wp-json\/wp\/v2\/comments?post=2433"}],"version-history":[{"count":1,"href":"https:\/\/bio2-agro.com\/es\/wp-json\/wp\/v2\/pages\/2433\/revisions"}],"predecessor-version":[{"id":2434,"href":"https:\/\/bio2-agro.com\/es\/wp-json\/wp\/v2\/pages\/2433\/revisions\/2434"}],"wp:attachment":[{"href":"https:\/\/bio2-agro.com\/es\/wp-json\/wp\/v2\/media?parent=2433"}],"curies":[{"name":"wp","href":"https:\/\/api.w.org\/{rel}","templated":true}]}}