{"id":2435,"date":"2017-08-27T14:00:21","date_gmt":"2017-08-27T20:00:21","guid":{"rendered":"http:\/\/www.bio2-agro.com\/demo\/es\/?page_id=2435"},"modified":"2017-08-27T15:18:12","modified_gmt":"2017-08-27T21:18:12","slug":"descargas","status":"publish","type":"page","link":"https:\/\/bio2-agro.com\/es\/descargas\/","title":{"rendered":"Descargas"},"content":{"rendered":"<p>[vc_row][vc_column][vc_empty_space][vc_column_text]<\/p>\n<hr \/>\n<p>[\/vc_column_text][\/vc_column][\/vc_row][vc_row][vc_column width=&#8221;1\/4&#8243;][vc_custom_heading text=&#8221;DOSSIER COMERCIAL&#8221; font_container=&#8221;tag:h3|text_align:left&#8221; google_fonts=&#8221;font_family:Actor%3Aregular|font_style:400%20regular%3A400%3Anormal&#8221;][vc_column_text]<\/p>\n<ul>\n<li><a href=\"http:\/\/www.bio2-agro.com\/demo\/es\/wp-content\/uploads\/2017\/08\/DIPTICO-COMERCIAL-BiO2_2014.pdf\" target=\"_blank\" rel=\"noopener\">D\u00cdPTICO COMERCIAL<\/a><\/li>\n<li><a href=\"http:\/\/www.bio2-agro.com\/demo\/es\/wp-content\/uploads\/2017\/08\/DOSSIER-COMERCIAL-BiO2-GG-ES-RA2014.pdf\" target=\"_blank\" rel=\"noopener\">GOLF Y JARDINER\u00cdA<\/a><\/li>\n<\/ul>\n<p>[\/vc_column_text][\/vc_column][vc_column width=&#8221;1\/4&#8243;][vc_custom_heading text=&#8221;FICHAS T\u00c9CNICAS (PDF)&#8221; font_container=&#8221;tag:h3|text_align:left&#8221; google_fonts=&#8221;font_family:Actor%3Aregular|font_style:400%20regular%3A400%3Anormal&#8221;][vc_column_text]<\/p>\n<ul>\n<li><a href=\"http:\/\/www.bio2-agro.com\/demo\/es\/wp-content\/uploads\/2017\/08\/PDS_BiO2_VITAL_ES_RB_2014.pdf\" target=\"_blank\" rel=\"noopener\">PDF BiO2 VITAL<\/a><\/li>\n<li><a href=\"http:\/\/www.bio2-agro.com\/demo\/es\/wp-content\/uploads\/2017\/08\/PDS_BiO2_AKUA_ES_RB_2014.pdf\" target=\"_blank\" rel=\"noopener\">PDF BiO2 AKUA<\/a><\/li>\n<li><a href=\"http:\/\/www.bio2-agro.com\/demo\/es\/wp-content\/uploads\/2017\/08\/PDS_BiO2_PROHUMUS_ES_RB_2014.pdf\" target=\"_blank\" rel=\"noopener\">PDF BiO2 PROHUMUS<\/a><\/li>\n<\/ul>\n<p>[\/vc_column_text][\/vc_column][vc_column width=&#8221;1\/4&#8243;][vc_custom_heading text=&#8221;HOJAS DE SEGURIDAD (MSDS)&#8221; font_container=&#8221;tag:h3|text_align:left&#8221; google_fonts=&#8221;font_family:Actor%3Aregular|font_style:400%20regular%3A400%3Anormal&#8221;][vc_column_text]<\/p>\n<ul>\n<li><a href=\"http:\/\/www.bio2-agro.com\/demo\/es\/wp-content\/uploads\/2017\/08\/MSDS_BiO2_VITAL_ES_RA_2014.05.pdf\" target=\"_blank\" rel=\"noopener\">MSDS BiO2 VITAL<\/a><\/li>\n<li><a href=\"http:\/\/www.bio2-agro.com\/demo\/es\/wp-content\/uploads\/2017\/08\/MSDS_BiO2_KUA_ES_RA_2014.03.17.pdf\" target=\"_blank\" rel=\"noopener\">MSDS BiO2 AKUA<\/a><\/li>\n<li><a href=\"http:\/\/www.bio2-agro.com\/demo\/es\/wp-content\/uploads\/2017\/08\/MSDS_BiO2_Prohumus_ES_RA_2014.03.17.pdf\" target=\"_blank\" rel=\"noopener\">MSDS BiO2 PROHUMUS<\/a><\/li>\n<\/ul>\n<p>[\/vc_column_text][\/vc_column][vc_column width=&#8221;1\/4&#8243;][vc_custom_heading text=&#8221;DOSSIER TECNOL\u00d3GICO (MANUALES Y GU\u00cdAS)&#8221; font_container=&#8221;tag:h3|text_align:left&#8221; google_fonts=&#8221;font_family:Actor%3Aregular|font_style:400%20regular%3A400%3Anormal&#8221;][vc_column_text]<\/p>\n<ul>\n<li><a href=\"http:\/\/www.bio2-agro.com\/demo\/es\/wp-content\/uploads\/2017\/08\/DOSSIER_TECNOLOGICO_HUMUS.LIQUIDO.BIO2_ES_RA_2014.pdf\" target=\"_blank\" rel=\"noopener\">GU\u00cdA R\u00c1PIDA DE COMPOSTAJE L\u00cdQUIDO O T\u00c9 DE COMPOSTA<\/a><\/li>\n<li><a href=\"http:\/\/www.bio2-agro.com\/demo\/es\/wp-content\/uploads\/2017\/08\/DOSSIER_TECNOLOGICO_MANUAL.COMPOST.BIO2_ES_RB_2017.pdf\" target=\"_blank\" rel=\"noopener\">MANUAL DE ELABORACI\u00d3N DE COMPOSTA<\/a><\/li>\n<\/ul>\n<p>[\/vc_column_text][\/vc_column][\/vc_row]<\/p>\n","protected":false},"excerpt":{"rendered":"<p>[vc_row][vc_column][vc_empty_space][vc_column_text] [\/vc_column_text][\/vc_column][\/vc_row][vc_row][vc_column width=&#8221;1\/4&#8243;][vc_custom_heading text=&#8221;DOSSIER COMERCIAL&#8221; font_container=&#8221;tag:h3|text_align:left&#8221; google_fonts=&#8221;font_family:Actor%3Aregular|font_style:400%20regular%3A400%3Anormal&#8221;][vc_column_text] D\u00cdPTICO COMERCIAL GOLF Y JARDINER\u00cdA [\/vc_column_text][\/vc_column][vc_column width=&#8221;1\/4&#8243;][vc_custom_heading text=&#8221;FICHAS T\u00c9CNICAS (PDF)&#8221; font_container=&#8221;tag:h3|text_align:left&#8221; google_fonts=&#8221;font_family:Actor%3Aregular|font_style:400%20regular%3A400%3Anormal&#8221;][vc_column_text] PDF BiO2 VITAL PDF BiO2 AKUA&hellip;<\/p>\n<p><a href=\"https:\/\/bio2-agro.com\/es\/descargas\/\" class=\"more-link post-excerpt-readmore\"><span class=\"more-link-inner\">Read more<\/span><span class=\"more-link-brd\"><\/span><\/a><\/p>\n","protected":false},"author":1,"featured_media":0,"parent":0,"menu_order":0,"comment_status":"closed","ping_status":"closed","template":"","meta":{"_joinchat":[],"footnotes":""},"class_list":["post-2435","page","type-page","status-publish","hentry"],"_links":{"self":[{"href":"https:\/\/bio2-agro.com\/es\/wp-json\/wp\/v2\/pages\/2435","targetHints":{"allow":["GET"]}}],"collection":[{"href":"https:\/\/bio2-agro.com\/es\/wp-json\/wp\/v2\/pages"}],"about":[{"href":"https:\/\/bio2-agro.com\/es\/wp-json\/wp\/v2\/types\/page"}],"author":[{"embeddable":true,"href":"https:\/\/bio2-agro.com\/es\/wp-json\/wp\/v2\/users\/1"}],"replies":[{"embeddable":true,"href":"https:\/\/bio2-agro.com\/es\/wp-json\/wp\/v2\/comments?post=2435"}],"version-history":[{"count":9,"href":"https:\/\/bio2-agro.com\/es\/wp-json\/wp\/v2\/pages\/2435\/revisions"}],"predecessor-version":[{"id":2454,"href":"https:\/\/bio2-agro.com\/es\/wp-json\/wp\/v2\/pages\/2435\/revisions\/2454"}],"wp:attachment":[{"href":"https:\/\/bio2-agro.com\/es\/wp-json\/wp\/v2\/media?parent=2435"}],"curies":[{"name":"wp","href":"https:\/\/api.w.org\/{rel}","templated":true}]}}