{"id":2500,"date":"2017-09-27T21:39:03","date_gmt":"2017-09-28T03:39:03","guid":{"rendered":"http:\/\/www.bio2-agro.com\/?page_id=2500"},"modified":"2017-09-27T21:39:27","modified_gmt":"2017-09-28T03:39:27","slug":"aviso-de-privacidad","status":"publish","type":"page","link":"https:\/\/bio2-agro.com\/es\/aviso-de-privacidad\/","title":{"rendered":"Aviso de Privacidad"},"content":{"rendered":"<p>[vc_row][vc_column][vc_column_text]<\/p>\n<p align=\"justify\"><strong>I. Identidad y Domicilio del Responsable que Recaba los Datos Personales:<\/strong><\/p>\n<p align=\"justify\">BIOSANBOS, S. de R.L. de C.V. (en adelante \u201cBIOSANBOS\u201d), con domicilio en Paseo de los Tamarindos n\u00famero 400-B, Piso 3, Calle: San Luis Potosi, N\u00fam. Exterior: 211 N\u00fam. Int: 503, Colonia: Roma Norte Delegaci\u00f3n: Cuauht\u00e9moc, Localidad: Ciudad de M\u00e9xico; C.P.:06700, , en cumplimiento a la Ley Federal de Protecci\u00f3n de Datos Personales en Posesi\u00f3n de Particulares (en adelante la \u201cLey\u201d) y su Reglamento, hacen de su conocimiento que recaba y trata sus datos personales para las finalidades que se establecen en este Aviso de Privacidad.<\/p>\n<p align=\"justify\"><strong> II. Finalidades del Tratamiento de los Datos Personales:<\/strong><\/p>\n<p align=\"justify\">Su informaci\u00f3n personal ser\u00e1 utilizada para actividades de relacionamiento dentro de las que se encuentra el env\u00edo de cotizaciones, promociones, recordatorios y citas de servicio, cartas de bienvenida, informaci\u00f3n sobre campa\u00f1as preventivas de servicio, citas para pruebas de producto, as\u00ed como para dar seguimiento a los comentarios, consultas, quejas y reclamaciones que usted presente en relaci\u00f3n con nuestros productos y servicios; para mantener controles estad\u00edsticos y administrativos y, en su caso, para fines de publicidad y prospecci\u00f3n comercial. BIOSANBOS recaba sus datos personales de manera directa por medios electr\u00f3nicos, ya sea a trav\u00e9s del \u201cchat\u201d en l\u00ednea, formulario en su p\u00e1gina de internet www.bio2-agro.com, otros servicios en l\u00ednea, redes sociales de BIOSANBOS, a trav\u00e9s de mensajes directos o por correo electr\u00f3nico y\/o por tel\u00e9fono, llenado de solicitudes de compra de productos de manera indirecta por medio de transferencias que le hacen llegar sus empresas filiales y\/o su red de Distribuidores oficiales. Los datos personales que recabamos de forma directa e indirecta se refieren a su nombre completo, direcci\u00f3n, tel\u00e9fonos de casa, trabajo y celular, correo electr\u00f3nico y ocupaci\u00f3n o actividad profesional, sexo, clave del registro federal de contribuyentes (\u201cRFC\u201d), clave \u00fanica de registro poblacional (\u201cCURP\u201d), estado civil, identificaci\u00f3n oficial con fotograf\u00eda, clase y n\u00famero de licencia de manejo, as\u00ed como datos patrimoniales o financieros. Nos comprometemos a que todos los datos obtenidos ser\u00e1n tratados bajo las m\u00e1s estrictas medidas de seguridad que garanticen su confidencialidad. De conformidad con el art\u00edculo 8 de la Ley, requerimos de su consentimiento expreso para el tratamiento de sus datos personales de car\u00e1cter financiero y patrimonial. Si usted no manifiesta su oposici\u00f3n para el tratamiento de sus datos personales, se entender\u00e1 como un signo inequ\u00edvoco de que nos otorga su consentimiento expreso para ello. De cualquier forma, nos comprometemos a no tratar estos datos para finalidades diversas a las apuntadas en este Aviso de Privacidad, salvo en el caso de las excepciones previstas en el art\u00edculo 37 de la Ley.<\/p>\n<p align=\"justify\"><strong> III. Opciones y Medios que el Responsable Ofrece a los Titulares de los Datos Personales para Limitar el Uso o Divulgaci\u00f3n de los Datos Personales:<\/strong><\/p>\n<p align=\"justify\">En caso que usted desee oponerse al tratamiento de sus datos personales para recibir publicidad y ofertas o desea limitar el uso o divulgaci\u00f3n de sus datos personales, usted deber\u00e1 contactar a nuestro Departamento de Relaciones con los Clientes al tel\u00e9fono +52 (55) 5638 1043 de lunes a viernes (d\u00edas h\u00e1biles) de 10:00 a 14:00 y de 16:00 a 18:00 horas, o a trav\u00e9s del correo electr\u00f3nico info@bio2-agro.com. Usted deber\u00e1 presentar la solicitud respectiva que deber\u00e1 indicar: (1) su nombre completo y el domicilio o correo electr\u00f3nico en el que se desea recibir toda la informaci\u00f3n relacionada con el tr\u00e1mite; (2) deber\u00e1 de estar acompa\u00f1ada del o los documentos oficiales con los que se acredite su identidad o la personalidad de su representante legal; (3) deber\u00e1 incluir una descripci\u00f3n clara y precisa de los datos personales respecto de los que se opone a que sean tratados en los t\u00e9rminos del presente Aviso de Privacidad.<\/p>\n<p align=\"justify\"><strong> IV. Medios para Ejercer los Derechos de Acceso, Rectificaci\u00f3n, Cancelaci\u00f3n u Oposici\u00f3n:<\/strong><\/p>\n<p align=\"justify\">Usted tiene derecho a revocar el consentimiento otorgado para el tratamiento de sus datos personales y a: (i) acceder a sus datos personales en nuestro poder y a los detalles de su tratamiento; (ii) a rectificarlos en caso de ser inexactos o incompletos; (iii) a cancelarlos cuando considere que no se requieren para alguna de las finalidades se\u00f1aladas en el presente Aviso de Privacidad o est\u00e9n siendo utilizados para finalidades no consentidas o haya finalizado la relaci\u00f3n contractual o de servicio; y\/o (iv) a oponerse al tratamiento de los mismos para fines espec\u00edficos (en adelante \u201cDerechos ARCO\u201d). Para revocar su consentimiento y el ejercicio de los mencionados Derechos ARCO, usted o su representante legal deber\u00e1n presentar la solicitud respectiva ante nuestro Departamento de Relaciones con los Clientes, \u00e1rea que se encarga de la administraci\u00f3n documental y los datos personales de BIOSANBOS. Usted puede contactar al tel\u00e9fono +52 (55) 5638 1043, de lunes a viernes (d\u00edas h\u00e1biles) de 10:00 a 14:00 y de 16:00 a 18:00 horas, o a trav\u00e9s del correo electr\u00f3nico info@bio2-agro.com. La solicitud que presente para el ejercicio de los Derechos ARCO deber\u00e1 indicar: (1) su nombre completo y el domicilio o correo electr\u00f3nico en el que se desea recibir toda la informaci\u00f3n relacionada con el tr\u00e1mite; (2) deber\u00e1 de estar acompa\u00f1ada del o los documentos oficiales con los que se acredite su identidad o la personalidad de su representante legal; (3) deber\u00e1 incluir una descripci\u00f3n clara y precisa de los datos respecto de los que se busca ejercer alguno de los Derechos ARCO; y (4) deber\u00e1 proporcionar cualquier otro elemento que nos permita identificar o localizar los datos personales en cuesti\u00f3n. Cuando se trate de \u201crectificaci\u00f3n\u201d de sus datos personales, deber\u00e1 indicarnos tambi\u00e9n cu\u00e1l es la modificaci\u00f3n exacta que busca realizar y presentar la documentaci\u00f3n que soporte la petici\u00f3n. Le pedimos que considere que, por su protecci\u00f3n y beneficio, es posible que le solicitemos documentaci\u00f3n adicional que nos permita identificar con plenitud los datos que desee acceder, rectificar y\/o cancelar, o aquellos respecto de los cuales usted desee oponerse a su tratamiento. Asimismo, le informamos que es posible que BIOSANBOS no pueda cancelar o bloquear sus datos personales de conformidad con lo dispuesto por la Ley y su Reglamento. Una vez recibida su solicitud completa y debidamente integrada, nuestro Departamento de Relaciones con los Clientes le comunicar\u00e1 la determinaci\u00f3n adoptada en un plazo m\u00e1ximo de 20 d\u00edas h\u00e1biles. Si esta resultare procedente, dentro de los 15 d\u00edas siguientes podr\u00e1 hacer efectivo el derecho solicitado. En caso de que BIOSANBOS deba hacer entrega de documentaci\u00f3n como resultado del derecho ejercido, lo har\u00e1 a trav\u00e9s de copias que le ser\u00e1n enviadas por correo electr\u00f3nico o entregadas en el domicilio que para ello haya se\u00f1alado en su solicitud dentro del plazo antes mencionado. En t\u00e9rminos del art\u00edculo 34 de la Ley, BIOSANBOS podr\u00e1 negar el acceso a los datos personales, o a realizar la rectificaci\u00f3n, cancelaci\u00f3n o conceder la oposici\u00f3n al tratamiento de los mismos, cuando se trate de alguno de los supuestos ah\u00ed establecidos. Si bien el ejercicio de los Derechos ARCO y la entrega de informaci\u00f3n es gratuita, BIOSANBOS se reserva el derecho a cobrar los gastos de env\u00edo y costos de fotocopiado de asi estimarlo necesario y\/o conveniente.<\/p>\n<p align=\"justify\"><strong> V. Transferencia de Datos Personales que se Efect\u00faen:<\/strong><\/p>\n<p align=\"justify\">Le informamos que sus datos personales pueden ser transferidos por BIOSANBOS y tratados dentro y fuera del pa\u00eds a personas distintas de esta empresa. En ese sentido, su informaci\u00f3n puede ser compartida por BIOSANBOS con cualquiera de sus empresas filiales, controladas y controladoras, as\u00ed como tambi\u00e9n con su Red de Distribuidores o a terceros con los que mantiene una relaci\u00f3n jur\u00eddica, para el env\u00edo de productos o informaci\u00f3n de productos, refacciones y mantenimiento, para realizar encuestas de satisfacci\u00f3n, estudios de mercado, recordatorios y citas de servicios, env\u00edo de informaci\u00f3n sobre campa\u00f1as preventivas de servicio, citas para prueba de manejo, para env\u00edo de cotizaciones, para dar seguimiento a los comentarios, consultas, quejas y reclamaciones que usted presente, para mantener controles administrativos y estad\u00edsticos, para actividades de relacionamiento con el cliente (env\u00edo de cotizaciones, promociones, recordatorios y citas de servicio, cartas de bienvenida), para fines de publicidad y prospecci\u00f3n comercial. Si usted no manifiesta su oposici\u00f3n para que sus datos personales sean transferidos a terceros para estos fines, se entender\u00e1 que nos otorga su consentimiento para ello. Es importante se\u00f1alar que los terceros a los que BIOSANBOS hace la transferencia de sus datos personales, se comprometen en los mismos t\u00e9rminos del presente Aviso de Privacidad y cumplen con las medidas de seguridad y confidencialidad correspondientes. De cualquier manera, hacemos de su conocimiento que nos comprometemos a no transferir su informaci\u00f3n personal a terceros sin contar con su consentimiento, salvo en el caso de las excepciones previstas en el art\u00edculo 37 de la Ley, as\u00ed como a realizar esta transferencia en los t\u00e9rminos que fija dicha Ley. Toda vez que el tratamiento y la transferencia de sus datos personales es indispensable para cumplir las finalidades expuestas en el presente Aviso de Privacidad, su limitaci\u00f3n podr\u00eda impedirnos cumplir con ellas y proporcionarle los servicios de calidad que usted espera de nosotros.<\/p>\n<p align=\"justify\"><strong> VI. Procedimiento y Medio por el cual el Responsable Comunicar\u00e1 a los Titulares de los Datos Personales acerca de Cambios al Aviso de Privacidad:<\/strong><\/p>\n<p align=\"justify\">En cualquier momento BIOSANBOS puede hacer modificaciones o actualizaciones al presente Aviso de Privacidad, para la atenci\u00f3n de novedades legislativas, pol\u00edticas internas o nuevos requerimientos para la administraci\u00f3n de quejas y reclamaciones de los clientes. Toda modificaci\u00f3n al presente Aviso de Privacidad se le har\u00e1 de su conocimiento por medio de la publicaci\u00f3n del mismo en nuestra p\u00e1gina de internet www.bio2-agro.com.<\/p>\n<p align=\"justify\"><strong>Ciudad de M\u00e9xico, M\u00e9xico a 28 de septiembre de 2017 (\u00daltima actualizaci\u00f3n).<\/strong><\/p>\n<p>[\/vc_column_text][\/vc_column][\/vc_row]<\/p>\n","protected":false},"excerpt":{"rendered":"<p>[vc_row][vc_column][vc_column_text] I. Identidad y Domicilio del Responsable que Recaba los Datos Personales: BIOSANBOS, S. de R.L. de C.V. (en adelante \u201cBIOSANBOS\u201d), con domicilio en Paseo&hellip;<\/p>\n<p><a href=\"https:\/\/bio2-agro.com\/es\/aviso-de-privacidad\/\" class=\"more-link post-excerpt-readmore\"><span class=\"more-link-inner\">Read more<\/span><span class=\"more-link-brd\"><\/span><\/a><\/p>\n","protected":false},"author":1,"featured_media":0,"parent":0,"menu_order":0,"comment_status":"closed","ping_status":"closed","template":"","meta":{"_joinchat":[],"footnotes":""},"class_list":["post-2500","page","type-page","status-publish","hentry"],"_links":{"self":[{"href":"https:\/\/bio2-agro.com\/es\/wp-json\/wp\/v2\/pages\/2500","targetHints":{"allow":["GET"]}}],"collection":[{"href":"https:\/\/bio2-agro.com\/es\/wp-json\/wp\/v2\/pages"}],"about":[{"href":"https:\/\/bio2-agro.com\/es\/wp-json\/wp\/v2\/types\/page"}],"author":[{"embeddable":true,"href":"https:\/\/bio2-agro.com\/es\/wp-json\/wp\/v2\/users\/1"}],"replies":[{"embeddable":true,"href":"https:\/\/bio2-agro.com\/es\/wp-json\/wp\/v2\/comments?post=2500"}],"version-history":[{"count":1,"href":"https:\/\/bio2-agro.com\/es\/wp-json\/wp\/v2\/pages\/2500\/revisions"}],"predecessor-version":[{"id":2501,"href":"https:\/\/bio2-agro.com\/es\/wp-json\/wp\/v2\/pages\/2500\/revisions\/2501"}],"wp:attachment":[{"href":"https:\/\/bio2-agro.com\/es\/wp-json\/wp\/v2\/media?parent=2500"}],"curies":[{"name":"wp","href":"https:\/\/api.w.org\/{rel}","templated":true}]}}