{"id":2525,"date":"2017-10-31T18:36:30","date_gmt":"2017-11-01T00:36:30","guid":{"rendered":"http:\/\/www.bio2-agro.com\/?page_id=2525"},"modified":"2017-10-31T18:36:30","modified_gmt":"2017-11-01T00:36:30","slug":"mejorador-de-suelos","status":"publish","type":"page","link":"https:\/\/bio2-agro.com\/es\/mejorador-de-suelos\/","title":{"rendered":"Mejorador de Suelos"},"content":{"rendered":"<p>[vc_row][vc_column][vc_column_text]<\/p>\n<h3><b>BiO<\/b><b>2<\/b><b> Prohumus en el mejoramiento de suelos<\/b><\/h3>\n<h5>La magia de la tecnolog\u00eda de BiO<span class=\"Estilo1\">2<\/span> en el proceso la producci\u00f3n de humus, BiO<span class=\"Estilo1\">2<\/span> activa las bacterias y los microorganismos que revitalizan la tierra.<\/h5>\n<p>Favorece las relaciones simbi\u00f3ticas de los sistemas biol\u00f3gicos.<\/p>\n<h6>Promueve la formaci\u00f3n de humus y otras sustancias ben\u00e9ficas para la producci\u00f3n ecol\u00f3gica.<\/h6>\n<h6><\/h6>\n<h5><b>Beneficios generales<br \/>\n<\/b><\/h5>\n<p>\u2713 Mejora la calidad de fertilizantes,<\/p>\n<p>\u2713 Reduce costos.<\/p>\n<p>\u2713 Ampliar la capacidad aprovechamiento de abono org\u00e1nico<\/p>\n<p>\u2713 Ahorrar costes de los fertilizantes.<\/p>\n<p>\u2713 Aproveche los desechos del cultivo anterior para enriquecer el suelo.<\/p>\n<p><i>\u2713 El uso de BiO2 <\/i><i>Prohumus<\/i><i> promueve y apoya la agricultura de conservaci\u00f3n<\/i><\/p>\n<h5><\/h5>\n<p><strong>En complemento a las aplicaciones de BiO2 Vital, tambi\u00e9n se sugiere la aplicaci\u00f3n de BiO2 Prohumus para ayudar a la auto-regeneraci\u00f3n de suelo, mediante la activaci\u00f3n de los vida microbiana y la producci\u00f3n de \u00e1cidos h\u00famicos y f\u00falvicos en el suelo.<\/strong><\/p>\n<h5><\/h5>\n<h5><strong>Para una mejor aplicaci\u00f3n y desempa\u00f1o de nuestro producto, por favor contactar a nuestros representantes y asesores, quienes le apoyaran y asesoraran en la aplicaci\u00f3n m\u00e1s adecuada a su cultivo.<\/strong><\/h5>\n<p>[\/vc_column_text][\/vc_column][\/vc_row]<\/p>\n","protected":false},"excerpt":{"rendered":"<p>[vc_row][vc_column][vc_column_text] BiO2 Prohumus en el mejoramiento de suelos La magia de la tecnolog\u00eda de BiO2 en el proceso la producci\u00f3n de humus, BiO2 activa las&hellip;<\/p>\n<p><a href=\"https:\/\/bio2-agro.com\/es\/mejorador-de-suelos\/\" class=\"more-link post-excerpt-readmore\"><span class=\"more-link-inner\">Read more<\/span><span class=\"more-link-brd\"><\/span><\/a><\/p>\n","protected":false},"author":1,"featured_media":0,"parent":0,"menu_order":0,"comment_status":"closed","ping_status":"closed","template":"","meta":{"_joinchat":[],"footnotes":""},"class_list":["post-2525","page","type-page","status-publish","hentry"],"_links":{"self":[{"href":"https:\/\/bio2-agro.com\/es\/wp-json\/wp\/v2\/pages\/2525","targetHints":{"allow":["GET"]}}],"collection":[{"href":"https:\/\/bio2-agro.com\/es\/wp-json\/wp\/v2\/pages"}],"about":[{"href":"https:\/\/bio2-agro.com\/es\/wp-json\/wp\/v2\/types\/page"}],"author":[{"embeddable":true,"href":"https:\/\/bio2-agro.com\/es\/wp-json\/wp\/v2\/users\/1"}],"replies":[{"embeddable":true,"href":"https:\/\/bio2-agro.com\/es\/wp-json\/wp\/v2\/comments?post=2525"}],"version-history":[{"count":2,"href":"https:\/\/bio2-agro.com\/es\/wp-json\/wp\/v2\/pages\/2525\/revisions"}],"predecessor-version":[{"id":2527,"href":"https:\/\/bio2-agro.com\/es\/wp-json\/wp\/v2\/pages\/2525\/revisions\/2527"}],"wp:attachment":[{"href":"https:\/\/bio2-agro.com\/es\/wp-json\/wp\/v2\/media?parent=2525"}],"curies":[{"name":"wp","href":"https:\/\/api.w.org\/{rel}","templated":true}]}}