{"id":2908,"date":"2021-03-20T10:31:05","date_gmt":"2021-03-20T16:31:05","guid":{"rendered":"https:\/\/bio2-agro.com\/es\/?page_id=2908"},"modified":"2021-04-07T15:35:25","modified_gmt":"2021-04-07T21:35:25","slug":"cactus","status":"publish","type":"page","link":"https:\/\/bio2-agro.com\/es\/cactus\/","title":{"rendered":"CACTUS"},"content":{"rendered":"\n<div class=\"wp-block-image\"><figure class=\"alignright size-large is-resized\"><img data-original=\"https:\/\/bio2-agro.com\/es\/wp-content\/uploads\/2021\/03\/image-26.png\" alt=\"\" class=\"lazyload wp-image-2842\" width=\"214\" height=\"276\"\/><\/figure><\/div>\n\n\n<p><!--StartFragment--><\/p>\n\n\n<p class=\"has-text-align-center has-vivid-green-cyan-background-color has-background\" style=\"font-size:22px\"> <strong>Home Garden  con BiO2 Vital para cactus<\/strong><\/p>\n\n\n\n<p class=\"has-pale-cyan-blue-background-color has-background\"> Visita nuestro Blog y aprende como cuidar mejor tus cactus<\/p>\n\n\n\n<p class=\"has-text-align-right has-vivid-red-color has-text-color\">Cotizaci\u00f3nes v\u00eda WhatsApp<\/p>\n\n\n\n<div class=\"wp-block-image\"><figure class=\"aligncenter is-resized\"><img data-original=\"https:\/\/bio2-agro.com\/es\/wp-content\/uploads\/2021\/03\/image-53.png\" alt=\"\" class=\"lazyload wp-image-2924\" width=\"466\" height=\"377\"\/><\/figure><\/div>\n\n\n\n<p><\/p>\n\n\n<p><!--StartFragment--><\/p>\n\n\n<p class=\"has-very-dark-gray-color has-vivid-green-cyan-background-color has-text-color has-background\"><strong>Modo deempleo: <\/strong> <strong>Dosis de 20 gr \/ 20 L, cada 30 d\u00edas<\/strong> <\/p>\n\n\n\n<p><\/p>\n\n\n\n<p>Utilizar un recipiente sin regadera, aplicar la soluci\u00f3n BIO2 solo en la parte de la tierra, evitando mojar el cactus. Evitar regar en exceso, hazlo poco a poco mientras el agua empieza a drenar. Regar hasta que el agua salga por los orificios de drenaje (debajo de la maceta).El mejor horario es a ultima hora del d\u00eda o bien temprano por la ma\u00f1ana.<\/p>\n\n\n\n<div class=\"wp-block-image\"><figure class=\"alignleft is-resized\"><img data-original=\"https:\/\/bio2-agro.com\/es\/wp-content\/uploads\/2021\/03\/image-56.png\" alt=\"\" class=\"lazyload wp-image-2950\" width=\"415\" height=\"262\"\/><\/figure><\/div>\n\n\n\n<p class=\"has-text-align-left has-cyan-bluish-gray-background-color has-background\">Presentaci\u00f3n: 20gr, 500 gr, 1 kg.<\/p>\n\n\n\n<p class=\"has-very-light-gray-background-color has-background\">Solicita fichas t\u00e9cnicas y m\u00e1s informaci\u00f3n En nuestro WhatsApp. <\/p>\n\n\n\n<p><\/p>\n\n\n\n<p><\/p>\n\n\n\n<p><\/p>\n\n\n\n<p class=\"has-very-light-gray-color has-vivid-red-background-color has-text-color has-background\">Obt\u00e9n 10% de descuento en tu primer compra.<\/p>\n\n\n<p><!--StartFragment--><\/p>\n\n\n<p class=\"has-luminous-vivid-amber-background-color has-background\">Tipp Vital<\/p>\n\n\n<p><!--EndFragment--><\/p>\n\n\n<div class=\"wp-block-media-text alignwide is-stacked-on-mobile is-image-fill\" style=\"grid-template-columns:38% auto\"><figure class=\"wp-block-media-text__media\" style=\"background-image:url(https:\/\/bio2-agro.com\/es\/wp-content\/uploads\/2021\/03\/image-55.png);background-position:50% 50%\"><img data-original=\"https:\/\/bio2-agro.com\/es\/wp-content\/uploads\/2021\/03\/image-55.png\" alt=\"\" class=\"lazyload wp-image-2949 size-full\"\/><\/figure><div class=\"wp-block-media-text__content\">\n<p class=\"has-luminous-vivid-amber-background-color has-background\"><em>TIPP:  Aunque los&nbsp;<strong>cactus<\/strong>&nbsp;necesitan mucha iluminaci\u00f3n, no todos soportan los rayos directos del sol. Como norma general, las especies provistas de pelitos, espinas muy fuertes o un n\u00famero elevado de ellas, requieren pleno sol; mientras que las especies con pocas espinas y las crasas requieren de cierta sombra y ventilaci\u00f3n. <\/em>   <\/p>\n<\/div><\/div>\n\n\n\n<p><\/p>\n\n\n\n<p class=\"has-luminous-vivid-amber-background-color has-background\"> Tipp Prohumus<\/p>\n\n\n\n<div class=\"wp-block-media-text alignwide has-media-on-the-right is-stacked-on-mobile is-image-fill\" style=\"grid-template-columns:auto 45%\"><figure class=\"wp-block-media-text__media\" style=\"background-image:url(https:\/\/bio2-agro.com\/es\/wp-content\/uploads\/2021\/03\/image-54.png);background-position:50% 50%\"><img data-original=\"https:\/\/bio2-agro.com\/es\/wp-content\/uploads\/2021\/03\/image-54.png\" alt=\"\" class=\"lazyload wp-image-2946 size-full\"\/><\/figure><div class=\"wp-block-media-text__content\">\n<p class=\"has-very-dark-gray-color has-luminous-vivid-amber-background-color has-text-color has-background has-normal-font-size\">TIPP: Los&nbsp;<strong>cactus<\/strong>&nbsp;aguantan bien la sequ\u00eda, pero como todas las plantas tambi\u00e9n&nbsp;<strong>necesitan<\/strong>&nbsp;agua&nbsp;<strong>para vivir<\/strong>. Conviene dejar que el sustrato se seque entre riego y riego. Es muy importante que la tierra no se encharque: demasiada agua y, sobre todo, un sustrato mal drenado provocan la aparici\u00f3n de hongos y la muerte de la planta. Utiliza<strong><em> BiO2 Prohumus en el sustrato para mantener sanas y fuertes las rices. <\/em><\/strong> <\/p>\n<\/div><\/div>\n\n\n<p><!--EndFragment--><\/p>","protected":false},"excerpt":{"rendered":"<p>Home Garden con BiO2 Vital para cactus Visita nuestro Blog y aprende como cuidar mejor tus cactus Cotizaci\u00f3nes v\u00eda WhatsApp Modo deempleo: Dosis de 20&hellip;<\/p>\n<p><a href=\"https:\/\/bio2-agro.com\/es\/cactus\/\" class=\"more-link post-excerpt-readmore\"><span class=\"more-link-inner\">Read more<\/span><span class=\"more-link-brd\"><\/span><\/a><\/p>\n","protected":false},"author":1,"featured_media":2913,"parent":0,"menu_order":0,"comment_status":"closed","ping_status":"closed","template":"","meta":{"_joinchat":[],"footnotes":""},"class_list":["post-2908","page","type-page","status-publish","has-post-thumbnail","hentry"],"_links":{"self":[{"href":"https:\/\/bio2-agro.com\/es\/wp-json\/wp\/v2\/pages\/2908","targetHints":{"allow":["GET"]}}],"collection":[{"href":"https:\/\/bio2-agro.com\/es\/wp-json\/wp\/v2\/pages"}],"about":[{"href":"https:\/\/bio2-agro.com\/es\/wp-json\/wp\/v2\/types\/page"}],"author":[{"embeddable":true,"href":"https:\/\/bio2-agro.com\/es\/wp-json\/wp\/v2\/users\/1"}],"replies":[{"embeddable":true,"href":"https:\/\/bio2-agro.com\/es\/wp-json\/wp\/v2\/comments?post=2908"}],"version-history":[{"count":28,"href":"https:\/\/bio2-agro.com\/es\/wp-json\/wp\/v2\/pages\/2908\/revisions"}],"predecessor-version":[{"id":3136,"href":"https:\/\/bio2-agro.com\/es\/wp-json\/wp\/v2\/pages\/2908\/revisions\/3136"}],"wp:featuredmedia":[{"embeddable":true,"href":"https:\/\/bio2-agro.com\/es\/wp-json\/wp\/v2\/media\/2913"}],"wp:attachment":[{"href":"https:\/\/bio2-agro.com\/es\/wp-json\/wp\/v2\/media?parent=2908"}],"curies":[{"name":"wp","href":"https:\/\/api.w.org\/{rel}","templated":true}]}}