{"id":2967,"date":"2021-03-22T12:25:50","date_gmt":"2021-03-22T18:25:50","guid":{"rendered":"https:\/\/bio2-agro.com\/es\/?page_id=2967"},"modified":"2021-04-07T15:33:56","modified_gmt":"2021-04-07T21:33:56","slug":"cesped","status":"publish","type":"page","link":"https:\/\/bio2-agro.com\/es\/cesped\/","title":{"rendered":"CESPED"},"content":{"rendered":"<p><!--StartFragment--><\/p>\n\n\n<p class=\"has-text-align-center has-very-light-gray-color has-text-color has-background has-large-font-size\" style=\"background-color:#07602e\"><strong>Home Garden con BiO2 Vital para <\/strong> <strong>C\u00e9sped<\/strong><\/p>\n\n\n\n<p class=\"has-text-align-right has-pale-cyan-blue-background-color has-background\">Visita nuestro Blog y aprende como cuidar mejor tu CESPED<\/p>\n\n\n\n<p class=\"has-text-align-right has-vivid-red-color has-text-color\">Cotizaci\u00f3nes v\u00eda WhatsApp<\/p>\n\n\n\n<div class=\"wp-block-image\"><figure class=\"aligncenter size-large is-resized\"><img data-original=\"https:\/\/bio2-agro.com\/es\/wp-content\/uploads\/2021\/03\/image-32.png\" alt=\"\" class=\"lazyload wp-image-2859\" width=\"598\" height=\"449\"\/><\/figure><\/div>\n\n\n<p><!--StartFragment--><\/p>\n\n\n<p class=\"has-vivid-green-cyan-background-color has-background\"><strong>Modo de empleo: Dosis de 5 gr \/ 20 L (recomendado Rociador).  Aplicar 2 veces al mes.<\/strong> El mejor horario es a ultima hora del d\u00eda o bien temprano por la ma\u00f1ana.<\/p>\n\n\n\n<div class=\"wp-block-image\"><figure class=\"alignleft size-large is-resized\"><img data-original=\"https:\/\/bio2-agro.com\/es\/wp-content\/uploads\/2021\/03\/image-57.png\" alt=\"\" class=\"lazyload wp-image-2970\" width=\"567\" height=\"262\"\/><\/figure><\/div>\n\n\n\n<p class=\"has-text-align-right has-cyan-bluish-gray-background-color has-background\">Presentaci\u00f3n: 20gr, 500 gr, 1 kg.<\/p>\n\n\n\n<p class=\"has-text-align-right has-very-light-gray-background-color has-background\">Solicita fichas t\u00e9cnicas y m\u00e1s informaci\u00f3n En nuestro WhatsApp. <\/p>\n\n\n\n<p class=\"has-text-align-right has-vivid-red-background-color has-background\">Obt\u00e9n 10% de descuento en tu primer compra.<\/p>\n\n\n\n<p class=\"has-very-light-gray-background-color has-background\"><\/p>\n\n\n\n<p class=\"has-luminous-vivid-amber-background-color has-background\">TIPP VITAL<\/p>\n\n\n<p><!--EndFragment--><\/p>\n\n\n<div class=\"wp-block-media-text alignwide is-stacked-on-mobile\" style=\"grid-template-columns:58% auto\"><figure class=\"wp-block-media-text__media\"><img data-original=\"https:\/\/bio2-agro.com\/es\/wp-content\/uploads\/2021\/03\/image-59.png\" alt=\"\" class=\"lazyload wp-image-2985 size-full\"\/><\/figure><div class=\"wp-block-media-text__content\">\n<p class=\"has-luminous-vivid-amber-background-color has-background\">\u00bfC\u00f3mo cuidar el c\u00e9sped? 5 consejos \u00fatiles para mantenerlo siempre verde: 1 \u2013 Cortar el c\u00e9sped peri\u00f3dicamente. 2 \u2013 Abonar el c\u00e9sped al inicio de la primavera. 3 \u2013 Regar el c\u00e9sped seg\u00fan la temperatura y la humedad. 4- Controlar las malas hierbas. 5- Rastrillar el c\u00e9sped para airear la tierra.<\/p>\n<\/div><\/div>\n\n\n<p><!--EndFragment--><\/p>","protected":false},"excerpt":{"rendered":"<p>Home Garden con BiO2 Vital para C\u00e9sped Visita nuestro Blog y aprende como cuidar mejor tu CESPED Cotizaci\u00f3nes v\u00eda WhatsApp Modo de empleo: Dosis de&hellip;<\/p>\n<p><a href=\"https:\/\/bio2-agro.com\/es\/cesped\/\" class=\"more-link post-excerpt-readmore\"><span class=\"more-link-inner\">Read more<\/span><span class=\"more-link-brd\"><\/span><\/a><\/p>\n","protected":false},"author":1,"featured_media":0,"parent":0,"menu_order":0,"comment_status":"closed","ping_status":"closed","template":"","meta":{"_joinchat":[],"footnotes":""},"class_list":["post-2967","page","type-page","status-publish","hentry"],"_links":{"self":[{"href":"https:\/\/bio2-agro.com\/es\/wp-json\/wp\/v2\/pages\/2967","targetHints":{"allow":["GET"]}}],"collection":[{"href":"https:\/\/bio2-agro.com\/es\/wp-json\/wp\/v2\/pages"}],"about":[{"href":"https:\/\/bio2-agro.com\/es\/wp-json\/wp\/v2\/types\/page"}],"author":[{"embeddable":true,"href":"https:\/\/bio2-agro.com\/es\/wp-json\/wp\/v2\/users\/1"}],"replies":[{"embeddable":true,"href":"https:\/\/bio2-agro.com\/es\/wp-json\/wp\/v2\/comments?post=2967"}],"version-history":[{"count":18,"href":"https:\/\/bio2-agro.com\/es\/wp-json\/wp\/v2\/pages\/2967\/revisions"}],"predecessor-version":[{"id":3135,"href":"https:\/\/bio2-agro.com\/es\/wp-json\/wp\/v2\/pages\/2967\/revisions\/3135"}],"wp:attachment":[{"href":"https:\/\/bio2-agro.com\/es\/wp-json\/wp\/v2\/media?parent=2967"}],"curies":[{"name":"wp","href":"https:\/\/api.w.org\/{rel}","templated":true}]}}