{"id":2990,"date":"2021-03-22T13:30:13","date_gmt":"2021-03-22T19:30:13","guid":{"rendered":"https:\/\/bio2-agro.com\/es\/?page_id=2990"},"modified":"2021-04-07T15:32:41","modified_gmt":"2021-04-07T21:32:41","slug":"ornato","status":"publish","type":"page","link":"https:\/\/bio2-agro.com\/es\/ornato\/","title":{"rendered":"ORNATO"},"content":{"rendered":"<p><!--StartFragment--><\/p>\n\n\n<p class=\"has-text-align-center has-vivid-red-color has-pale-pink-background-color has-text-color has-background has-large-font-size\"><strong>HOME GARDEN ORNATO<\/strong><\/p>\n\n\n\n<p class=\"has-text-align-right has-pale-cyan-blue-background-color has-background\">Visita nuestro Blog y aprende como cuidar mejor tus plantas de Ornato<\/p>\n\n\n\n<p class=\"has-text-align-right has-vivid-red-color has-text-color\">Cotizaci\u00f3nes v\u00eda WhatsApp<\/p>\n\n\n\n<div class=\"wp-block-image\"><figure class=\"aligncenter size-large is-resized\"><img data-original=\"https:\/\/bio2-agro.com\/es\/wp-content\/uploads\/2021\/03\/image-35.png\" alt=\"\" class=\"lazyload wp-image-2867\" width=\"603\" height=\"447\"\/><\/figure><\/div>\n\n\n\n<p class=\"has-very-light-gray-background-color has-background\">.<\/p>\n\n\n\n<div class=\"wp-block-image\"><figure class=\"alignleft size-large is-resized\"><img data-original=\"https:\/\/bio2-agro.com\/es\/wp-content\/uploads\/2021\/03\/image-61.png\" alt=\"\" class=\"lazyload wp-image-2992\" width=\"477\" height=\"227\"\/><\/figure><\/div>\n\n\n\n<p class=\"has-text-align-left has-cyan-bluish-gray-background-color has-background\">Presentaci\u00f3n: 20gr, 500 gr, 1 kg.<\/p>\n\n\n\n<p class=\"has-very-light-gray-background-color has-background\">Solicita fichas t\u00e9cnicas y m\u00e1s informaci\u00f3n En nuestro WhatsApp. <\/p>\n\n\n\n<p class=\"has-vivid-red-background-color has-background\">Obt\u00e9n 10% de descuento en tu primer compra.<\/p>\n\n\n\n<p class=\"has-very-light-gray-background-color has-background\"><\/p>\n\n\n\n<p><\/p>\n\n\n\n<p class=\"has-luminous-vivid-amber-background-color has-background\"> <em>TIPP<\/em> VIAL <\/p>\n\n\n\n<div class=\"wp-block-group\"><div class=\"wp-block-group__inner-container is-layout-flow wp-block-group-is-layout-flow\">\n<div class=\"wp-block-image is-style-circle-mask\"><figure class=\"alignright size-large is-resized\"><img data-original=\"https:\/\/bio2-agro.com\/es\/wp-content\/uploads\/2021\/03\/image-38.png\" alt=\"\" class=\"lazyload wp-image-2870\" width=\"98\" height=\"118\"\/><\/figure><\/div>\n\n\n\n<p class=\"has-luminous-vivid-amber-background-color has-background has-small-font-size\"><em> <strong>Aplica BiO2 para Ornato, cuando trasplantes. &nbsp;<\/strong>\u00bfCu\u00e1ntas veces hab\u00e9is trasplantado una planta y la pobre no ha sobrevivido a la operaci\u00f3n? Las plantas necesitan espacio para poder crecer y el cambio de maceta es fundamental. <\/em><\/p>\n<\/div><\/div>\n\n\n<p><!--EndFragment--><\/p>","protected":false},"excerpt":{"rendered":"<p>HOME GARDEN ORNATO Visita nuestro Blog y aprende como cuidar mejor tus plantas de Ornato Cotizaci\u00f3nes v\u00eda WhatsApp . Presentaci\u00f3n: 20gr, 500 gr, 1 kg.&hellip;<\/p>\n<p><a href=\"https:\/\/bio2-agro.com\/es\/ornato\/\" class=\"more-link post-excerpt-readmore\"><span class=\"more-link-inner\">Read more<\/span><span class=\"more-link-brd\"><\/span><\/a><\/p>\n","protected":false},"author":1,"featured_media":0,"parent":0,"menu_order":0,"comment_status":"closed","ping_status":"closed","template":"","meta":{"_joinchat":[],"footnotes":""},"class_list":["post-2990","page","type-page","status-publish","hentry"],"_links":{"self":[{"href":"https:\/\/bio2-agro.com\/es\/wp-json\/wp\/v2\/pages\/2990","targetHints":{"allow":["GET"]}}],"collection":[{"href":"https:\/\/bio2-agro.com\/es\/wp-json\/wp\/v2\/pages"}],"about":[{"href":"https:\/\/bio2-agro.com\/es\/wp-json\/wp\/v2\/types\/page"}],"author":[{"embeddable":true,"href":"https:\/\/bio2-agro.com\/es\/wp-json\/wp\/v2\/users\/1"}],"replies":[{"embeddable":true,"href":"https:\/\/bio2-agro.com\/es\/wp-json\/wp\/v2\/comments?post=2990"}],"version-history":[{"count":5,"href":"https:\/\/bio2-agro.com\/es\/wp-json\/wp\/v2\/pages\/2990\/revisions"}],"predecessor-version":[{"id":3134,"href":"https:\/\/bio2-agro.com\/es\/wp-json\/wp\/v2\/pages\/2990\/revisions\/3134"}],"wp:attachment":[{"href":"https:\/\/bio2-agro.com\/es\/wp-json\/wp\/v2\/media?parent=2990"}],"curies":[{"name":"wp","href":"https:\/\/api.w.org\/{rel}","templated":true}]}}