{"id":2996,"date":"2021-03-22T13:58:11","date_gmt":"2021-03-22T19:58:11","guid":{"rendered":"https:\/\/bio2-agro.com\/es\/?page_id=2996"},"modified":"2021-04-07T15:30:52","modified_gmt":"2021-04-07T21:30:52","slug":"vegetales","status":"publish","type":"page","link":"https:\/\/bio2-agro.com\/es\/vegetales\/","title":{"rendered":"Vegetales"},"content":{"rendered":"<p><!--StartFragment--><\/p>\n\n\n<p class=\"has-text-align-center has-very-light-gray-color has-luminous-vivid-orange-background-color has-text-color has-background has-large-font-size\"><strong>HOME GARDEN VEGETALES<\/strong><\/p>\n\n\n\n<p class=\"has-pale-cyan-blue-background-color has-background\">Visita nuestro Blog y aprende como cuidar mejor tus plantas de Vegetales<\/p>\n\n\n\n<p class=\"has-text-align-right has-vivid-red-color has-text-color\">Cotizaci\u00f3nes v\u00eda WhatsApp<\/p>\n\n\n\n<figure class=\"wp-block-image size-large is-resized\"><img data-original=\"https:\/\/bio2-agro.com\/es\/wp-content\/uploads\/2021\/03\/image-39.png\" alt=\"\" class=\"lazyload wp-image-2872\" width=\"566\" height=\"431\"\/><\/figure>\n\n\n<p><!--StartFragment--><\/p>\n\n\n<p class=\"has-very-dark-gray-color has-vivid-green-cyan-background-color has-text-color has-background\"><strong>Modo deempleo: <\/strong>  <strong>Se recomiendan dos aplicaciones en el ciclo. El primer tratamiento debe ser antes de la siembra o transplantes y se aplica directamente al suelo. La segunda aplicaci\u00f3n es 3 a 4 semanas despu\u00e9s de la siembra o transplante. Disuelva 20 gr en 25 L de agua.<\/strong><\/p>\n\n\n\n<p><\/p>\n\n\n\n<p class=\"has-text-align-left has-cyan-bluish-gray-background-color has-background\">Presentaci\u00f3n: 20gr, 500 gr, 1 kg.<\/p>\n\n\n\n<div class=\"wp-block-image\"><figure class=\"alignleft size-large\"><img data-original=\"https:\/\/bio2-agro.com\/es\/wp-content\/uploads\/2021\/03\/image-62.png\" alt=\"\" class=\"lazyload wp-image-2997\"\/><\/figure><\/div>\n\n\n\n<p class=\"has-very-light-gray-background-color has-background\">Solicita fichas t\u00e9cnicas y m\u00e1s informaci\u00f3n En nuestro WhatsApp. <\/p>\n\n\n\n<p><\/p>\n\n\n\n<p><\/p>\n\n\n\n<p><\/p>\n\n\n\n<p class=\"has-very-light-gray-color has-vivid-red-background-color has-text-color has-background\">Obt\u00e9n 10% de descuento en tu primer compra.<\/p>\n\n\n<p><!--StartFragment--><\/p>\n\n\n<p class=\"has-luminous-vivid-amber-background-color has-background\">Tipp Vital<\/p>\n\n\n\n<div class=\"wp-block-media-text alignwide is-stacked-on-mobile\"><figure class=\"wp-block-media-text__media\"><img data-original=\"https:\/\/bio2-agro.com\/es\/wp-content\/uploads\/2021\/03\/image-65.png\" alt=\"\" class=\"lazyload wp-image-3003 size-full\"\/><\/figure><div class=\"wp-block-media-text__content\">\n<p class=\"has-luminous-vivid-amber-background-color has-background\"> Ubicaci\u00f3n y suelo Un lugar soleado en el jard\u00edn es mejor para crear un huerto. La mayor\u00eda de las verduras prosperan all\u00ed y desarrollan sus valiosos ingredientes y, por \u00faltimo, pero no menos importante, su delicioso sabor. <\/p>\n<\/div><\/div>\n\n\n<p><!--EndFragment--><\/p>\n\n\n<div class=\"wp-block-image is-style-circle-mask\"><figure class=\"alignright size-large is-resized\"><img data-original=\"https:\/\/bio2-agro.com\/es\/wp-content\/uploads\/2021\/03\/image-41.png\" alt=\"\" class=\"lazyload wp-image-2875\" width=\"115\" height=\"82\"\/><\/figure><\/div>\n\n\n<p><!--EndFragment--><\/p>","protected":false},"excerpt":{"rendered":"<p>HOME GARDEN VEGETALES Visita nuestro Blog y aprende como cuidar mejor tus plantas de Vegetales Cotizaci\u00f3nes v\u00eda WhatsApp Modo deempleo: Se recomiendan dos aplicaciones en&hellip;<\/p>\n<p><a href=\"https:\/\/bio2-agro.com\/es\/vegetales\/\" class=\"more-link post-excerpt-readmore\"><span class=\"more-link-inner\">Read more<\/span><span class=\"more-link-brd\"><\/span><\/a><\/p>\n","protected":false},"author":1,"featured_media":0,"parent":0,"menu_order":0,"comment_status":"closed","ping_status":"closed","template":"","meta":{"_joinchat":[],"footnotes":""},"class_list":["post-2996","page","type-page","status-publish","hentry"],"_links":{"self":[{"href":"https:\/\/bio2-agro.com\/es\/wp-json\/wp\/v2\/pages\/2996","targetHints":{"allow":["GET"]}}],"collection":[{"href":"https:\/\/bio2-agro.com\/es\/wp-json\/wp\/v2\/pages"}],"about":[{"href":"https:\/\/bio2-agro.com\/es\/wp-json\/wp\/v2\/types\/page"}],"author":[{"embeddable":true,"href":"https:\/\/bio2-agro.com\/es\/wp-json\/wp\/v2\/users\/1"}],"replies":[{"embeddable":true,"href":"https:\/\/bio2-agro.com\/es\/wp-json\/wp\/v2\/comments?post=2996"}],"version-history":[{"count":4,"href":"https:\/\/bio2-agro.com\/es\/wp-json\/wp\/v2\/pages\/2996\/revisions"}],"predecessor-version":[{"id":3133,"href":"https:\/\/bio2-agro.com\/es\/wp-json\/wp\/v2\/pages\/2996\/revisions\/3133"}],"wp:attachment":[{"href":"https:\/\/bio2-agro.com\/es\/wp-json\/wp\/v2\/media?parent=2996"}],"curies":[{"name":"wp","href":"https:\/\/api.w.org\/{rel}","templated":true}]}}