{"id":3006,"date":"2021-03-22T14:21:50","date_gmt":"2021-03-22T20:21:50","guid":{"rendered":"https:\/\/bio2-agro.com\/es\/?page_id=3006"},"modified":"2021-04-07T15:28:41","modified_gmt":"2021-04-07T21:28:41","slug":"frutales","status":"publish","type":"page","link":"https:\/\/bio2-agro.com\/es\/frutales\/","title":{"rendered":"FRUTALES"},"content":{"rendered":"<p><!--StartFragment--><\/p>\n\n\n<p class=\"has-luminous-vivid-amber-color has-vivid-red-background-color has-text-color has-background has-large-font-size\"><strong>HOME GARDEN FRUATAL<\/strong><\/p>\n\n\n\n<p class=\"has-text-align-right has-pale-cyan-blue-background-color has-background\">Visita nuestro Blog y aprende como cuidar mejor tus arboles frutales.<\/p>\n\n\n\n<p class=\"has-text-align-right has-vivid-red-color has-text-color\">Cotizaci\u00f3nes v\u00eda WhatsApp<\/p>\n\n\n\n<div class=\"wp-block-image\"><figure class=\"aligncenter size-large is-resized\"><img data-original=\"https:\/\/bio2-agro.com\/es\/wp-content\/uploads\/2021\/03\/image-43.png\" alt=\"\" class=\"lazyload wp-image-2878\" width=\"619\" height=\"466\"\/><\/figure><\/div>\n\n\n<p><!--StartFragment--><\/p>\n\n\n<p class=\"has-vivid-green-cyan-background-color has-background\"><strong>Dosis:<\/strong> <strong>5 gr \/ 10 L \/ \u00c1rbol (recomendado Rociador). <\/strong> <strong>Aplicar 1 veces cada 20 d\u00edas.<\/strong><\/p>\n\n\n\n<div class=\"wp-block-image\"><figure class=\"alignleft size-large\"><img data-original=\"https:\/\/bio2-agro.com\/es\/wp-content\/uploads\/2021\/03\/image-68.png\" alt=\"\" class=\"lazyload wp-image-3009\"\/><\/figure><\/div>\n\n\n\n<p class=\"has-text-align-left has-cyan-bluish-gray-background-color has-background\">Presentaci\u00f3n: 20gr, 500 gr, 1 kg.<\/p>\n\n\n\n<p class=\"has-very-light-gray-background-color has-background\">Solicita fichas t\u00e9cnicas y m\u00e1s informaci\u00f3n en nuestro WhatsApp. <\/p>\n\n\n\n<p><\/p>\n\n\n\n<p class=\"has-very-light-gray-color has-vivid-red-background-color has-text-color has-background\">Obt\u00e9n 10% de descuento en tu primer compra.<\/p>\n\n\n\n<p class=\"has-very-light-gray-background-color has-background\"><\/p>\n\n\n<p><!--EndFragment--><\/p>\n\n\n<p class=\"has-luminous-vivid-amber-background-color has-background\"> TIPP VITAL<\/p>\n\n\n\n<div class=\"wp-block-media-text alignwide is-stacked-on-mobile\"><figure class=\"wp-block-media-text__media\"><img data-original=\"https:\/\/bio2-agro.com\/es\/wp-content\/uploads\/2021\/03\/image-67.png\" alt=\"\" class=\"lazyload wp-image-3007 size-full\"\/><\/figure><div class=\"wp-block-media-text__content\">\n<p class=\"has-luminous-vivid-amber-background-color has-background has-normal-font-size\">De primavera a oto\u00f1o, el Frutal se riega abundantemente. Sin embargo, debe tener cuidado de atrapar y eliminar el exceso de agua. Porque el \u00e1rbol no tolera en absoluto el anegamiento. Adem\u00e1s, aseg\u00farese de que la tierra est\u00e9 siempre h\u00fameda.   Para estr\u00e9s por falta o exceso de humedad, usa BiO2 Vital para arboles frutales.  <\/p>\n<\/div><\/div>\n\n\n\n<div class=\"wp-block-image is-style-circle-mask\"><figure class=\"alignright size-large is-resized\"><img data-original=\"https:\/\/bio2-agro.com\/es\/wp-content\/uploads\/2021\/03\/image-44.png\" alt=\"\" class=\"lazyload wp-image-2880\" width=\"117\" height=\"141\"\/><\/figure><\/div>\n\n\n<p><!--EndFragment--><\/p>","protected":false},"excerpt":{"rendered":"<p>HOME GARDEN FRUATAL Visita nuestro Blog y aprende como cuidar mejor tus arboles frutales. Cotizaci\u00f3nes v\u00eda WhatsApp Dosis: 5 gr \/ 10 L \/ \u00c1rbol&hellip;<\/p>\n<p><a href=\"https:\/\/bio2-agro.com\/es\/frutales\/\" class=\"more-link post-excerpt-readmore\"><span class=\"more-link-inner\">Read more<\/span><span class=\"more-link-brd\"><\/span><\/a><\/p>\n","protected":false},"author":1,"featured_media":0,"parent":0,"menu_order":0,"comment_status":"closed","ping_status":"closed","template":"","meta":{"_joinchat":[],"footnotes":""},"class_list":["post-3006","page","type-page","status-publish","hentry"],"_links":{"self":[{"href":"https:\/\/bio2-agro.com\/es\/wp-json\/wp\/v2\/pages\/3006","targetHints":{"allow":["GET"]}}],"collection":[{"href":"https:\/\/bio2-agro.com\/es\/wp-json\/wp\/v2\/pages"}],"about":[{"href":"https:\/\/bio2-agro.com\/es\/wp-json\/wp\/v2\/types\/page"}],"author":[{"embeddable":true,"href":"https:\/\/bio2-agro.com\/es\/wp-json\/wp\/v2\/users\/1"}],"replies":[{"embeddable":true,"href":"https:\/\/bio2-agro.com\/es\/wp-json\/wp\/v2\/comments?post=3006"}],"version-history":[{"count":8,"href":"https:\/\/bio2-agro.com\/es\/wp-json\/wp\/v2\/pages\/3006\/revisions"}],"predecessor-version":[{"id":3132,"href":"https:\/\/bio2-agro.com\/es\/wp-json\/wp\/v2\/pages\/3006\/revisions\/3132"}],"wp:attachment":[{"href":"https:\/\/bio2-agro.com\/es\/wp-json\/wp\/v2\/media?parent=3006"}],"curies":[{"name":"wp","href":"https:\/\/api.w.org\/{rel}","templated":true}]}}