{"id":3014,"date":"2021-03-22T14:46:07","date_gmt":"2021-03-22T20:46:07","guid":{"rendered":"https:\/\/bio2-agro.com\/es\/?page_id=3014"},"modified":"2021-04-07T15:26:29","modified_gmt":"2021-04-07T21:26:29","slug":"berries","status":"publish","type":"page","link":"https:\/\/bio2-agro.com\/es\/berries\/","title":{"rendered":"BERRIES"},"content":{"rendered":"<p><!--StartFragment--><\/p>\n\n\n<p class=\"has-text-align-center has-very-light-gray-color has-text-color has-background has-large-font-size\" style=\"background-color:#a3003b\"><strong>HOME GARDEN BERRIES<\/strong><\/p>\n\n\n\n<p class=\"has-text-align-right has-pale-cyan-blue-background-color has-background\">Visita nuestro Blog y aprende como cuidar mejor tus plantas de Ornato<\/p>\n\n\n\n<p class=\"has-text-align-right has-vivid-red-color has-text-color\">Cotizaci\u00f3nes v\u00eda WhatsApp<\/p>\n\n\n\n<div class=\"wp-block-image\"><figure class=\"aligncenter size-large is-resized\"><img data-original=\"https:\/\/bio2-agro.com\/es\/wp-content\/uploads\/2021\/03\/image-46.png\" alt=\"\" class=\"lazyload wp-image-2882\" width=\"592\" height=\"479\"\/><\/figure><\/div>\n\n\n<p><!--StartFragment--><\/p>\n\n\n<p class=\"has-vivid-green-cyan-background-color has-background\"><strong>Dosis:<\/strong> <strong>1 gr  L\/ arbusto . <\/strong> <strong>Aplicar 2 vez cada 3 semanas<\/strong><\/p>\n\n\n\n<div class=\"wp-block-image\"><figure class=\"alignleft size-large is-resized\"><img data-original=\"https:\/\/bio2-agro.com\/es\/wp-content\/uploads\/2021\/03\/image-71.png\" alt=\"\" class=\"lazyload wp-image-3018\" width=\"564\" height=\"248\"\/><\/figure><\/div>\n\n\n\n<p class=\"has-text-align-right has-cyan-bluish-gray-background-color has-background\">Presentaci\u00f3n: 20gr, 500 gr, 1 kg.<\/p>\n\n\n\n<p class=\"has-text-align-right has-very-light-gray-background-color has-background\">Solicita fichas t\u00e9cnicas y m\u00e1s informaci\u00f3n En nuestro WhatsApp. <\/p>\n\n\n\n<p><\/p>\n\n\n\n<p class=\"has-text-align-right has-very-light-gray-color has-vivid-red-background-color has-text-color has-background\">Obt\u00e9n 10% de descuento en tu primer compra.<\/p>\n\n\n\n<p class=\"has-very-light-gray-background-color has-background\"><\/p>\n\n\n\n<p class=\"has-luminous-vivid-amber-background-color has-background\">TIPP VITAL  <\/p>\n\n\n<p><!--EndFragment--><\/p>\n\n\n<div class=\"wp-block-media-text alignwide is-stacked-on-mobile\"><figure class=\"wp-block-media-text__media\"><img data-original=\"https:\/\/bio2-agro.com\/es\/wp-content\/uploads\/2021\/03\/image-69.png\" alt=\"\" class=\"lazyload wp-image-3015 size-full\"\/><\/figure><div class=\"wp-block-media-text__content\">\n<p class=\"has-luminous-vivid-amber-background-color has-background has-normal-font-size\">Estas plantas necesitan abundante agua, aparte de mantener el sustrato libre de malas hierbas, en temporadas de mayor sequ\u00eda se deben regar dos veces al d\u00eda y cuando el fruto est\u00e1 creciendo lo cual se prolonga por unos 14 d\u00edas, se debe regar el cultivo cada vez que la superficie est\u00e9 seca. Utiliza BiO2 VITAL para mantener la vitalidad de tus plantas de fresa por m\u00e1s tiempo.<\/p>\n<\/div><\/div>\n\n\n\n<div class=\"wp-block-image is-style-circle-mask\"><figure class=\"alignright size-large is-resized\"><img data-original=\"https:\/\/bio2-agro.com\/es\/wp-content\/uploads\/2021\/03\/image-48.png\" alt=\"\" class=\"lazyload wp-image-2891\" width=\"118\" height=\"143\"\/><\/figure><\/div>\n\n\n\n<p><\/p>\n\n\n<p><!--EndFragment--><\/p>","protected":false},"excerpt":{"rendered":"<p>HOME GARDEN BERRIES Visita nuestro Blog y aprende como cuidar mejor tus plantas de Ornato Cotizaci\u00f3nes v\u00eda WhatsApp Dosis: 1 gr L\/ arbusto . Aplicar&hellip;<\/p>\n<p><a href=\"https:\/\/bio2-agro.com\/es\/berries\/\" class=\"more-link post-excerpt-readmore\"><span class=\"more-link-inner\">Read more<\/span><span class=\"more-link-brd\"><\/span><\/a><\/p>\n","protected":false},"author":1,"featured_media":0,"parent":0,"menu_order":0,"comment_status":"closed","ping_status":"closed","template":"","meta":{"_joinchat":[],"footnotes":""},"class_list":["post-3014","page","type-page","status-publish","hentry"],"_links":{"self":[{"href":"https:\/\/bio2-agro.com\/es\/wp-json\/wp\/v2\/pages\/3014","targetHints":{"allow":["GET"]}}],"collection":[{"href":"https:\/\/bio2-agro.com\/es\/wp-json\/wp\/v2\/pages"}],"about":[{"href":"https:\/\/bio2-agro.com\/es\/wp-json\/wp\/v2\/types\/page"}],"author":[{"embeddable":true,"href":"https:\/\/bio2-agro.com\/es\/wp-json\/wp\/v2\/users\/1"}],"replies":[{"embeddable":true,"href":"https:\/\/bio2-agro.com\/es\/wp-json\/wp\/v2\/comments?post=3014"}],"version-history":[{"count":11,"href":"https:\/\/bio2-agro.com\/es\/wp-json\/wp\/v2\/pages\/3014\/revisions"}],"predecessor-version":[{"id":3131,"href":"https:\/\/bio2-agro.com\/es\/wp-json\/wp\/v2\/pages\/3014\/revisions\/3131"}],"wp:attachment":[{"href":"https:\/\/bio2-agro.com\/es\/wp-json\/wp\/v2\/media?parent=3014"}],"curies":[{"name":"wp","href":"https:\/\/api.w.org\/{rel}","templated":true}]}}