{"id":3029,"date":"2021-03-22T15:02:31","date_gmt":"2021-03-22T21:02:31","guid":{"rendered":"https:\/\/bio2-agro.com\/es\/?page_id=3029"},"modified":"2021-04-07T15:24:43","modified_gmt":"2021-04-07T21:24:43","slug":"germinados-y-brotes","status":"publish","type":"page","link":"https:\/\/bio2-agro.com\/es\/bio2-vital\/germinados-y-brotes\/","title":{"rendered":"GERMINADOS Y BROTES"},"content":{"rendered":"<p><!--StartFragment--><\/p>\n\n\n<p class=\"has-text-align-center has-very-light-gray-color has-text-color has-background has-large-font-size\" style=\"background-color:#56a300\"><strong>HOME GARDEN GERMINADOS Y BROTES<\/strong><\/p>\n\n\n\n<p class=\"has-text-align-right has-pale-cyan-blue-background-color has-background\">Visita nuestro Blog y aprende como cuidar mejor tus  GERMINADOS y BROTES<\/p>\n\n\n\n<p class=\"has-text-align-right has-vivid-red-color has-text-color\">Cotizaci\u00f3nes v\u00eda WhatsApp<\/p>\n\n\n\n<div class=\"wp-block-image\"><figure class=\"aligncenter size-large is-resized\"><img data-original=\"https:\/\/bio2-agro.com\/es\/wp-content\/uploads\/2021\/03\/image-47.png\" alt=\"\" class=\"lazyload wp-image-2884\" width=\"592\" height=\"444\"\/><\/figure><\/div>\n\n\n<p><!--StartFragment--><\/p>\n\n\n<div class=\"wp-block-image\"><figure class=\"alignleft size-large is-resized\"><img data-original=\"https:\/\/bio2-agro.com\/es\/wp-content\/uploads\/2021\/03\/image-73.png\" alt=\"\" class=\"lazyload wp-image-3032\" width=\"547\" height=\"297\"\/><\/figure><\/div>\n\n\n\n<p class=\"has-text-align-right has-cyan-bluish-gray-background-color has-background\">Presentaci\u00f3n: 20gr, 500 gr, 1 kg.<\/p>\n\n\n\n<p class=\"has-text-align-right has-very-light-gray-background-color has-background\">Solicita fichas t\u00e9cnicas y m\u00e1s informaci\u00f3n En nuestro WhatsApp. <\/p>\n\n\n\n<p class=\"has-vivid-red-background-color has-background\">Obt\u00e9n 10% de descuento en tu primer compra.<\/p>\n\n\n\n<p class=\"has-text-align-right has-very-light-gray-background-color has-background\"><\/p>\n\n\n<p><!--EndFragment--><\/p>\n\n\n<p class=\"has-text-align-left has-luminous-vivid-amber-background-color has-background has-normal-font-size\"><em><strong>TIPP VITAL:<\/strong><\/em><\/p>\n\n\n\n<div class=\"wp-block-media-text alignwide is-stacked-on-mobile\"><figure class=\"wp-block-media-text__media\"><img data-original=\"https:\/\/bio2-agro.com\/es\/wp-content\/uploads\/2021\/03\/image-72.png\" alt=\"\" class=\"lazyload wp-image-3031 size-full\"\/><\/figure><div class=\"wp-block-media-text__content\">\n<p class=\"has-luminous-vivid-amber-background-color has-background has-normal-font-size\">Genera tus propios germinados y brotes t\u00fa mismo.  As\u00ed es como funciona el proyecto \u201cCultivar brotes\u201d: poner una cucharada de semillas en un colador y enjuagarlas con agua. Luego ponga las semillas en el frasco de germinaci\u00f3n y c\u00fabralas con el doble de agua. Dejas las semillas en remojo entre una y ocho horas, dependiendo de la mezcla de semillas, y luego viertes el agua. Para brotes mayores a 15 dias, puedes aplicar BIO2 VITAL y cosecharas mejor vitalidad y sabor.<\/p>\n<\/div><\/div>\n\n\n\n<div class=\"wp-block-image is-style-circle-mask\"><figure class=\"alignright is-resized\"><img class=\"lazyload\" data-original=\"https:\/\/images.ichkoche.at\/data\/image\/variations\/250x167\/3\/sprossen-rezepte-img-27596.jpg\" alt=\"Sprossen Rezepte\" width=\"113\" height=\"75\"\/><\/figure><\/div>\n\n\n\n<p><\/p>\n\n\n<p><!--EndFragment--><\/p>","protected":false},"excerpt":{"rendered":"<p>HOME GARDEN GERMINADOS Y BROTES Visita nuestro Blog y aprende como cuidar mejor tus GERMINADOS y BROTES Cotizaci\u00f3nes v\u00eda WhatsApp Presentaci\u00f3n: 20gr, 500 gr, 1&hellip;<\/p>\n<p><a href=\"https:\/\/bio2-agro.com\/es\/bio2-vital\/germinados-y-brotes\/\" class=\"more-link post-excerpt-readmore\"><span class=\"more-link-inner\">Read more<\/span><span class=\"more-link-brd\"><\/span><\/a><\/p>\n","protected":false},"author":1,"featured_media":0,"parent":2395,"menu_order":0,"comment_status":"closed","ping_status":"closed","template":"","meta":{"_joinchat":[],"footnotes":""},"class_list":["post-3029","page","type-page","status-publish","hentry"],"_links":{"self":[{"href":"https:\/\/bio2-agro.com\/es\/wp-json\/wp\/v2\/pages\/3029","targetHints":{"allow":["GET"]}}],"collection":[{"href":"https:\/\/bio2-agro.com\/es\/wp-json\/wp\/v2\/pages"}],"about":[{"href":"https:\/\/bio2-agro.com\/es\/wp-json\/wp\/v2\/types\/page"}],"author":[{"embeddable":true,"href":"https:\/\/bio2-agro.com\/es\/wp-json\/wp\/v2\/users\/1"}],"replies":[{"embeddable":true,"href":"https:\/\/bio2-agro.com\/es\/wp-json\/wp\/v2\/comments?post=3029"}],"version-history":[{"count":7,"href":"https:\/\/bio2-agro.com\/es\/wp-json\/wp\/v2\/pages\/3029\/revisions"}],"predecessor-version":[{"id":3129,"href":"https:\/\/bio2-agro.com\/es\/wp-json\/wp\/v2\/pages\/3029\/revisions\/3129"}],"up":[{"embeddable":true,"href":"https:\/\/bio2-agro.com\/es\/wp-json\/wp\/v2\/pages\/2395"}],"wp:attachment":[{"href":"https:\/\/bio2-agro.com\/es\/wp-json\/wp\/v2\/media?parent=3029"}],"curies":[{"name":"wp","href":"https:\/\/api.w.org\/{rel}","templated":true}]}}