{"id":85,"date":"2014-12-02T15:58:37","date_gmt":"2014-12-02T15:58:37","guid":{"rendered":"http:\/\/demo.olevmedia.net\/amax\/?page_id=85"},"modified":"2020-04-08T11:43:03","modified_gmt":"2020-04-08T17:43:03","slug":"homepage-main","status":"publish","type":"page","link":"https:\/\/bio2-agro.com\/es\/","title":{"rendered":"Homepage Main"},"content":{"rendered":"<p>[vc_row][vc_column][vc_empty_space][\/vc_column][\/vc_row][vc_row][vc_column width=&#8221;1\/3&#8243;][vc_single_image image=&#8221;2348&#8243; alignment=&#8221;center&#8221;][vc_custom_heading text=&#8221;BiO2 ACTIVADOR DE PLANTAS&#8221; font_container=&#8221;tag:h2|text_align:center&#8221; google_fonts=&#8221;font_family:Trykker%3Aregular|font_style:400%20regular%3A400%3Anormal&#8221;][vc_column_text]<\/p>\n<ul>\n<li>Activa el metabolismo de planta<\/li>\n<li>Potencia la nutrici\u00f3n org\u00e1nica y qu\u00edmica<\/li>\n<li>Acelerador del sistema de defensa del cultivo.<\/li>\n<li>Antiestresante.<\/li>\n<\/ul>\n<p>[\/vc_column_text][\/vc_column][vc_column width=&#8221;1\/3&#8243;][vc_single_image image=&#8221;2350&#8243; alignment=&#8221;center&#8221;][vc_custom_heading text=&#8221;BiO2 ACTIVADOR DE MICROORGANISMOS &#8221; font_container=&#8221;tag:h2|text_align:center&#8221; google_fonts=&#8221;font_family:Trykker%3Aregular|font_style:400%20regular%3A400%3Anormal&#8221;][vc_column_text]<strong>BENEFICIOS<\/strong><\/p>\n<ul>\n<li>Activa la vida microbiana ben\u00e9fica<\/li>\n<li>Potencia productos biol\u00f3gicos<\/li>\n<li>Promotor de la oxigenaci\u00f3n.<\/li>\n<li>Mejora la simbiosis planta microorganismo.<\/li>\n<\/ul>\n<p>[\/vc_column_text][\/vc_column][vc_column width=&#8221;1\/3&#8243;][vc_single_image image=&#8221;2352&#8243; alignment=&#8221;center&#8221;][vc_custom_heading text=&#8221;BiO2 ACTIVADOR DE AER\u00d3BICO EN AGUAS&#8221; font_container=&#8221;tag:h2|text_align:center&#8221; google_fonts=&#8221;font_family:Trykker%3Aregular|font_style:400%20regular%3A400%3Anormal&#8221;][vc_column_text]<\/p>\n<ul>\n<li>Activa vida microbiana aer\u00f3bica<\/li>\n<li>Promotor de la oxigenaci\u00f3n.<\/li>\n<li>Previene la formaci\u00f3n de algas.<\/li>\n<li>Evita placas anaer\u00f3bicas en la superficie o en el fondo de las lagunas.<\/li>\n<\/ul>\n<p>[\/vc_column_text][\/vc_column][\/vc_row][vc_row][vc_column width=&#8221;1\/4&#8243;][vc_single_image image=&#8221;2357&#8243; alignment=&#8221;center&#8221;][vc_custom_heading text=&#8221;BiO2 PREBI\u00d3TICO&#8221; font_container=&#8221;tag:h2|text_align:center&#8221; google_fonts=&#8221;font_family:Trykker%3Aregular|font_style:400%20regular%3A400%3Anormal&#8221;][vc_column_text]<\/p>\n<ul>\n<li>Activa los microorganismos gastrointestinales.<\/li>\n<li>Mejora la simbiosis entre los microorganismos y el animal hu\u00e9sped.<\/li>\n<li>Potencia las enzimas segregadas por la boca y el estomago<\/li>\n<\/ul>\n<p>[\/vc_column_text][\/vc_column][vc_column width=&#8221;1\/4&#8243;][vc_single_image image=&#8221;2358&#8243; alignment=&#8221;center&#8221;][vc_custom_heading text=&#8221;BiO2 L\u00cdNEA PLUS &#8211; TODO EN UNO<br \/>\n&#8221; font_container=&#8221;tag:h2|text_align:center&#8221; google_fonts=&#8221;font_family:Trykker%3Aregular|font_style:400%20regular%3A400%3Anormal&#8221;][vc_column_text]<\/p>\n<p style=\"text-align: center;\">La tecnolog\u00eda activadora, estimuladora y potenciadora, integrada a microorganismo, algas, micro y macronutrientes de calidad insuperable<\/p>\n<p>[\/vc_column_text][\/vc_column][vc_column width=&#8221;1\/4&#8243;][vc_single_image image=&#8221;2481&#8243; alignment=&#8221;center&#8221;][vc_custom_heading text=&#8221;BiO2 EML&#8221; font_container=&#8221;tag:h2|text_align:center&#8221; google_fonts=&#8221;font_family:Trykker%3Aregular|font_style:400%20regular%3A400%3Anormal&#8221;][vc_column_text]<\/p>\n<ul>\n<li>Vida microbiana eficiente.<\/li>\n<li>BiO2 con nuestra tecnolog\u00eda apoyamos al m\u00e1ximo la vida microbiana nativa, sin embargo ante suelos con escasa microbiolog\u00eda, tambi\u00e9n ofrecemos mezclas de microorganismos de la mas alta calidad, que se adaptan y reproducen eficientemente en los diferentes suelos.<\/li>\n<\/ul>\n<p>[\/vc_column_text][\/vc_column][vc_column width=&#8221;1\/4&#8243;][vc_single_image image=&#8221;2482&#8243; alignment=&#8221;center&#8221;][vc_custom_heading text=&#8221;BiO2 EN BERRIES&#8221; font_container=&#8221;tag:h2|text_align:center&#8221; google_fonts=&#8221;font_family:Trykker%3Aregular|font_style:400%20regular%3A400%3Anormal&#8221;][vc_column_text]<\/p>\n<p style=\"text-align: center;\">A trav\u00e9s del tiempo nos hemos posicionado como el apoyo por excelencia de los productores de Berries mas destacados de cada zona donde tenemos presencia<\/p>\n<p>[\/vc_column_text][\/vc_column][\/vc_row][vc_row padding_top=&#8221;120px&#8221;][vc_column][vc_custom_heading text=&#8221;CARACTER\u00cdSTICAS DE LA TECNOLOG\u00cdA BiO2&#8243; font_container=&#8221;tag:h2|font_size:35px|text_align:center&#8221; google_fonts=&#8221;font_family:Arapey%3Aregular%2Citalic|font_style:400%20regular%3A400%3Anormal&#8221;][\/vc_column][\/vc_row][vc_row css_animation=&#8221;top-to-bottom&#8221; padding_bottom=&#8221;120&#8243; css_animation_delay=&#8221;30&#8243;][vc_column width=&#8221;1\/12&#8243; delimiter=&#8221;vline&#8221;][vc_icon icon_fontawesome=&#8221;fa fa-line-chart&#8221; size=&#8221;lg&#8221; align=&#8221;center&#8221;][\/vc_column][vc_column width=&#8221;5\/12&#8243;][vc_column_text]<\/p>\n<h2>Progresivo<\/h2>\n<p>La tecnolog\u00eda BiO2 desarrolla efectos de manera continua y evolutiva, favoreciendo el camino a la sustentabilidad de los bioprocesos.[\/vc_column_text][\/vc_column][vc_column width=&#8221;1\/12&#8243; delimiter=&#8221;vline&#8221;][vc_icon type=&#8221;material&#8221; icon_material=&#8221;vc-material vc-material-tune&#8221; size=&#8221;lg&#8221; align=&#8221;center&#8221;][\/vc_column][vc_column width=&#8221;5\/12&#8243;][vc_column_text]<\/p>\n<h2>Multiefectos<\/h2>\n<p>BiO2 trabaja a nivel subat\u00f3mico, catalizando y eficientizando la producci\u00f3n de metabolitos celulares, como hormonas, amino\u00e1cidos, metabolitos secundarios que contribuyen a fortalecer el sistema de defensa. Por tal, el efecto que se obtiene al optimizar la transferencia de energ\u00eda en las cadenas metab\u00f3licas es tan variado como el metabolismo celular.[\/vc_column_text][\/vc_column][\/vc_row][vc_row css_animation=&#8221;top-to-bottom&#8221; padding_bottom=&#8221;80px&#8221; css_animation_delay=&#8221;10&#8243;][vc_column width=&#8221;1\/12&#8243; delimiter=&#8221;vline&#8221;][vc_icon type=&#8221;linecons&#8221; icon_linecons=&#8221;vc_li vc_li-like&#8221; size=&#8221;lg&#8221; align=&#8221;center&#8221;][\/vc_column][vc_column width=&#8221;5\/12&#8243;][vc_column_text]<\/p>\n<h2>Rentable<\/h2>\n<p>Brindamos mayor beneficio a su inversi\u00f3n en fertilizantes.[\/vc_column_text][\/vc_column][vc_column width=&#8221;1\/12&#8243; delimiter=&#8221;vline&#8221;][vc_icon type=&#8221;linecons&#8221; icon_linecons=&#8221;vc_li vc_li-banknote&#8221; size=&#8221;lg&#8221; align=&#8221;center&#8221;][\/vc_column][vc_column width=&#8221;5\/12&#8243;][vc_column_text]<\/p>\n<h2>Econ\u00f3mico<\/h2>\n<p>Tecnolog\u00eda de inversi\u00f3n moderada de bajo costo y gran valor agregado a su producci\u00f3n.[\/vc_column_text][\/vc_column][\/vc_row][vc_row css_animation=&#8221;top-to-bottom&#8221; padding_bottom=&#8221;120&#8243; css_animation_delay=&#8221;30&#8243;][vc_column width=&#8221;1\/12&#8243; delimiter=&#8221;vline&#8221;][vc_icon icon_fontawesome=&#8221;fa fa-share-square-o&#8221; size=&#8221;lg&#8221; align=&#8221;center&#8221;][\/vc_column][vc_column width=&#8221;5\/12&#8243;][vc_column_text]<\/p>\n<h2>Potencializador<\/h2>\n<p>Potencia el efecto de sus insumos org\u00e1nicos y\/o convencionales, preventivos o correctivos.[\/vc_column_text][\/vc_column][vc_column width=&#8221;1\/12&#8243; delimiter=&#8221;vline&#8221;][vc_icon icon_fontawesome=&#8221;fa fa-cog&#8221; size=&#8221;lg&#8221; align=&#8221;center&#8221;][\/vc_column][vc_column width=&#8221;5\/12&#8243;][vc_column_text]<\/p>\n<h2>Productivo<\/h2>\n<p>BiO2 favorece la capacidad productiva de los recursos naturales.[\/vc_column_text][\/vc_column][\/vc_row][vc_row css_animation=&#8221;top-to-bottom&#8221; padding_bottom=&#8221;120&#8243; css_animation_delay=&#8221;30&#8243;][vc_column width=&#8221;1\/12&#8243; delimiter=&#8221;vline&#8221;][vc_icon icon_fontawesome=&#8221;fa fa-bolt&#8221; size=&#8221;lg&#8221; align=&#8221;center&#8221;][\/vc_column][vc_column width=&#8221;5\/12&#8243;][vc_column_text]<\/p>\n<h2>Vers\u00e1til<\/h2>\n<p>Aplique Bio2 a todos los cultivos y todas las especies, todos los sistemas y pr\u00e1cticas de producci\u00f3n (irrigaci\u00f3n, fertilizaci\u00f3n, sustrato, etc.)[\/vc_column_text][\/vc_column][vc_column width=&#8221;1\/12&#8243; delimiter=&#8221;vline&#8221;][vc_icon type=&#8221;material&#8221; icon_material=&#8221;vc-material vc-material-filter_vintage&#8221; size=&#8221;lg&#8221; align=&#8221;center&#8221;][\/vc_column][vc_column width=&#8221;5\/12&#8243;][vc_column_text]<\/p>\n<h2>Sustentable<\/h2>\n<p>Promovemos la producci\u00f3n agropecuaria de alta responsabilidad ambiental y el equilibrio entre econom\u00eda, ecolog\u00eda y rentabilidad.[\/vc_column_text][\/vc_column][\/vc_row][vc_row full_width=&#8221;stretch_row&#8221; bg_type=&#8221;video&#8221; padding_top=&#8221;140&#8243; padding_bottom=&#8221;140&#8243; bg_video_src=&#8221;http:\/\/www.bio2-agro.com\/wp-content\/uploads\/2017\/09\/vuelo_bio2-1.mp4&#8243; font_color=&#8221;#ffffff&#8221; bg_video_mp4=&#8221;http:\/\/www.bio2-agro.com\/wp-content\/uploads\/2017\/09\/vuelo_bio2-1.mp4&#8243; bg_video_m4v=&#8221;http:\/\/www.bio2-agro.com\/wp-content\/uploads\/2017\/09\/vuelo_bio2.m4v&#8221;][vc_column][vc_column_text css=&#8221;.vc_custom_1509505134980{margin-bottom: 0px !important;border-bottom-width: 0px !important;}&#8221;]<\/p>\n<h1 style=\"text-align: center;\">BiO2 tecnolog\u00eda cu\u00e1ntica al servicio de la sustentabilidad agropecuaria.<\/h1>\n<p>[\/vc_column_text][vc_row_inner][vc_column_inner width=&#8221;2\/12&#8243;][\/vc_column_inner][vc_column_inner width=&#8221;8\/12&#8243;][vc_column_text css=&#8221;.vc_custom_1506720692187{margin-top: 0px !important;border-top-width: 0px !important;padding-top: 0px !important;}&#8221;]<\/p>\n<p style=\"text-align: center;\">Escribanos por nuestra secci\u00f3n de contacto llenando nuestro formulario.<\/p>\n<p>[\/vc_column_text][\/vc_column_inner][vc_column_inner width=&#8221;2\/12&#8243;][\/vc_column_inner][\/vc_row_inner][vc_btn title=&#8221;Cont\u00e1ctenos Ahora&#8221; style=&#8221;outline&#8221; color=&#8221;custom&#8221; hover_color=&#8221;custom&#8221; size=&#8221;xlg&#8221; align=&#8221;center&#8221; icon_fontawesome=&#8221;fa fa-info-circle&#8221; hover_custom_color=&#8221;#f4511e&#8221; icon_openiconic=&#8221;vc-oi vc-oi-dial&#8221; icon_typicons=&#8221;typcn typcn-adjust-brightness&#8221; icon_entypo=&#8221;entypo-icon entypo-icon-note&#8221; icon_linecons=&#8221;vc_li vc_li-heart&#8221; custom_color=&#8221;#e5e5e5&#8243; link=&#8221;url:http%3A%2F%2Fwww.bio2-agro.com%2Fdemo%2Fes%2Fcontacto%2F|||&#8221;][\/vc_column][\/vc_row]<\/p>\n","protected":false},"excerpt":{"rendered":"<p>[vc_row][vc_column][vc_empty_space][\/vc_column][\/vc_row][vc_row][vc_column width=&#8221;1\/3&#8243;][vc_single_image image=&#8221;2348&#8243; alignment=&#8221;center&#8221;][vc_custom_heading text=&#8221;BiO2 ACTIVADOR DE PLANTAS&#8221; font_container=&#8221;tag:h2|text_align:center&#8221; google_fonts=&#8221;font_family:Trykker%3Aregular|font_style:400%20regular%3A400%3Anormal&#8221;][vc_column_text] Activa el metabolismo de planta Potencia la nutrici\u00f3n org\u00e1nica y qu\u00edmica Acelerador del sistema de&hellip;<\/p>\n<p><a href=\"https:\/\/bio2-agro.com\/es\/\" class=\"more-link post-excerpt-readmore\"><span class=\"more-link-inner\">Read more<\/span><span class=\"more-link-brd\"><\/span><\/a><\/p>\n","protected":false},"author":1,"featured_media":0,"parent":0,"menu_order":0,"comment_status":"open","ping_status":"open","template":"","meta":{"_joinchat":[],"footnotes":""},"class_list":["post-85","page","type-page","status-publish","hentry"],"_links":{"self":[{"href":"https:\/\/bio2-agro.com\/es\/wp-json\/wp\/v2\/pages\/85","targetHints":{"allow":["GET"]}}],"collection":[{"href":"https:\/\/bio2-agro.com\/es\/wp-json\/wp\/v2\/pages"}],"about":[{"href":"https:\/\/bio2-agro.com\/es\/wp-json\/wp\/v2\/types\/page"}],"author":[{"embeddable":true,"href":"https:\/\/bio2-agro.com\/es\/wp-json\/wp\/v2\/users\/1"}],"replies":[{"embeddable":true,"href":"https:\/\/bio2-agro.com\/es\/wp-json\/wp\/v2\/comments?post=85"}],"version-history":[{"count":30,"href":"https:\/\/bio2-agro.com\/es\/wp-json\/wp\/v2\/pages\/85\/revisions"}],"predecessor-version":[{"id":2529,"href":"https:\/\/bio2-agro.com\/es\/wp-json\/wp\/v2\/pages\/85\/revisions\/2529"}],"wp:attachment":[{"href":"https:\/\/bio2-agro.com\/es\/wp-json\/wp\/v2\/media?parent=85"}],"curies":[{"name":"wp","href":"https:\/\/api.w.org\/{rel}","templated":true}]}}